{"id":2657,"date":"2025-07-09T16:21:58","date_gmt":"2025-07-09T16:21:58","guid":{"rendered":"https:\/\/www.chinajumps.com\/product\/professional-dressage-arena-fence-for-equestrian-training-and-competition\/"},"modified":"2025-12-05T07:46:56","modified_gmt":"2025-12-05T07:46:56","slug":"professional-dressage-arena-fence-for-equestrian-training-and-competition","status":"publish","type":"product","link":"https:\/\/www.chinajumps.com\/fr\/produit\/professional-dressage-arena-fence-for-equestrian-training-and-competition\/","title":{"rendered":"Cl\u00f4ture de dressage professionnelle pour l'entra\u00eenement et la comp\u00e9tition \u00e9questres"},"content":{"rendered":"<p><strong>Syst\u00e8me de rail de dressage en PVC durable con\u00e7u pour la performance et la long\u00e9vit\u00e9.<\/strong><\/p>\n<p>Con\u00e7ue en PVC de haute qualit\u00e9, cette barre de dressage offre une durabilit\u00e9 exceptionnelle et une r\u00e9sistance aux UV, ce qui lui permet de r\u00e9sister aux conditions ext\u00e9rieures sans compromettre l'apparence ou la fonction. Son design personnalisable et ses options de logo en font un produit id\u00e9al pour les installations \u00e9questres professionnelles et personnelles.<\/p>\n<p>Disponible en deux tailles, 20x40m et 20x60m, la longueur de rail de 4 m\u00e8tres permet une installation facile et une d\u00e9limitation propre et professionnelle de votre ar\u00e8ne.<\/p>\n<p><strong>Caract\u00e9ristiques principales :<\/strong><br \/>\nFabriqu\u00e9 en PVC robuste pour une utilisation durable.<br \/>\nLe traitement de surface r\u00e9sistant aux UV prot\u00e8ge contre les dommages caus\u00e9s par le soleil.<br \/>\nLivr\u00e9 avec 42 c\u00f4nes pour d\u00e9finir clairement l'espace de l'ar\u00e8ne.<br \/>\nLogo et options de conception personnalisables pour correspondre \u00e0 votre image de marque.<br \/>\nUn service de personnalisation OEM est disponible pour adapter les sp\u00e9cifications \u00e0 vos besoins.<\/p>","protected":false},"excerpt":{"rendered":"<p>Durable PVC Dressage Arena Rail System Designed for Performance and Longevity. Engineered with high-quality PVC material, this dressage arena rail offers exceptional durability and UV resistance, ensuring it withstands outdoor conditions without compromising appearance or function. Its customizable design and logo options make it ideal for professional and personal equestrian setups. Available in two sizes, [&hellip;]<\/p>","protected":false},"featured_media":4260,"template":"","meta":{"site-sidebar-layout":"default","site-content-layout":"","ast-site-content-layout":"default","site-content-style":"default","site-sidebar-style":"default","ast-global-header-display":"","ast-banner-title-visibility":"","ast-main-header-display":"","ast-hfb-above-header-display":"","ast-hfb-below-header-display":"","ast-hfb-mobile-header-display":"","site-post-title":"","ast-breadcrumbs-content":"","ast-featured-img":"","footer-sml-layout":"","theme-transparent-header-meta":"default","adv-header-id-meta":"","stick-header-meta":"","header-above-stick-meta":"","header-main-stick-meta":"","header-below-stick-meta":"","astra-migrate-meta-layouts":"set","ast-page-background-enabled":"default","ast-page-background-meta":{"desktop":{"background-color":"","background-image":"","background-repeat":"repeat","background-position":"center center","background-size":"auto","background-attachment":"scroll","background-type":"","background-media":"","overlay-type":"","overlay-color":"","overlay-opacity":"","overlay-gradient":""},"tablet":{"background-color":"","background-image":"","background-repeat":"repeat","background-position":"center center","background-size":"auto","background-attachment":"scroll","background-type":"","background-media":"","overlay-type":"","overlay-color":"","overlay-opacity":"","overlay-gradient":""},"mobile":{"background-color":"","background-image":"","background-repeat":"repeat","background-position":"center center","background-size":"auto","background-attachment":"scroll","background-type":"","background-media":"","overlay-type":"","overlay-color":"","overlay-opacity":"","overlay-gradient":""}},"ast-content-background-meta":{"desktop":{"background-color":"var(--ast-global-color-5)","background-image":"","background-repeat":"repeat","background-position":"center center","background-size":"auto","background-attachment":"scroll","background-type":"","background-media":"","overlay-type":"","overlay-color":"","overlay-opacity":"","overlay-gradient":""},"tablet":{"background-color":"var(--ast-global-color-5)","background-image":"","background-repeat":"repeat","background-position":"center center","background-size":"auto","background-attachment":"scroll","background-type":"","background-media":"","overlay-type":"","overlay-color":"","overlay-opacity":"","overlay-gradient":""},"mobile":{"background-color":"var(--ast-global-color-5)","background-image":"","background-repeat":"repeat","background-position":"center center","background-size":"auto","background-attachment":"scroll","background-type":"","background-media":"","overlay-type":"","overlay-color":"","overlay-opacity":"","overlay-gradient":""}}},"product_brand":[],"product_cat":[77],"product_tag":[],"class_list":{"0":"post-2657","1":"product","2":"type-product","3":"status-publish","4":"has-post-thumbnail","6":"product_cat-fence-and-arena-fiber","7":"desktop-align-center","8":"tablet-align-left","9":"mobile-align-left","11":"first","12":"instock","13":"shipping-taxable","14":"product-type-external"},"_links":{"self":[{"href":"https:\/\/www.chinajumps.com\/fr\/wp-json\/wp\/v2\/product\/2657","targetHints":{"allow":["GET"]}}],"collection":[{"href":"https:\/\/www.chinajumps.com\/fr\/wp-json\/wp\/v2\/product"}],"about":[{"href":"https:\/\/www.chinajumps.com\/fr\/wp-json\/wp\/v2\/types\/product"}],"wp:featuredmedia":[{"embeddable":true,"href":"https:\/\/www.chinajumps.com\/fr\/wp-json\/wp\/v2\/media\/4260"}],"wp:attachment":[{"href":"https:\/\/www.chinajumps.com\/fr\/wp-json\/wp\/v2\/media?parent=2657"}],"wp:term":[{"taxonomy":"product_brand","embeddable":true,"href":"https:\/\/www.chinajumps.com\/fr\/wp-json\/wp\/v2\/product_brand?post=2657"},{"taxonomy":"product_cat","embeddable":true,"href":"https:\/\/www.chinajumps.com\/fr\/wp-json\/wp\/v2\/product_cat?post=2657"},{"taxonomy":"product_tag","embeddable":true,"href":"https:\/\/www.chinajumps.com\/fr\/wp-json\/wp\/v2\/product_tag?post=2657"}],"curies":[{"name":"wp","href":"https:\/\/api.w.org\/{rel}","templated":true}]}}