{"id":2614,"date":"2025-07-09T16:16:26","date_gmt":"2025-07-09T16:16:26","guid":{"rendered":"https:\/\/www.chinajumps.com\/product\/patented-racecourse-grader-and-roller-trusted-by-leading-brands\/"},"modified":"2025-12-15T03:05:05","modified_gmt":"2025-12-15T03:05:05","slug":"basic-horse-leveler-professional-grader","status":"publish","type":"product","link":"https:\/\/www.chinajumps.com\/fr\/produit\/basic-horse-leveler-professional-grader\/","title":{"rendered":"Basic 12-15 Horse Leveler Niveleur et rouleau brevet\u00e9 pour hippodromes, reconnu par les plus grandes marques"},"content":{"rendered":"<h1 class=\"auto-hide-last-sibling-br paragraph-pP9ZLC paragraph-element br-paragraph-space\"><strong>Niveleur de base pour chevaux 12-15 : L'outil essentiel pour des surfaces de man\u00e8ge parfaites<\/strong><\/h1>\n<div><\/div>\n<h2><strong>Niveleur de chevaux de base<\/strong>\u00a012-15 : 1,2-1,5 m de largeur, convient aux tracteurs\/VTT, lisse les orni\u00e8res du man\u00e8ge, am\u00e9liore la s\u00e9curit\u00e9 des chevaux, n\u00e9cessite peu d'entretien, id\u00e9al pour les terrains de dressage et de saut d'obstacles.<\/h2>\n<div><strong>Niveleur de chevaux de base<\/strong> 12-15 : lisse le sol de l'ar\u00e8ne, assure la s\u00e9curit\u00e9 du cheval, s'adapte aux tracteurs\/ATV. <a href=\"https:\/\/www.chinajumps.com\/fr\/collections\/arena-leveler\/\" target=\"_blank\" rel=\"noopener\">Niveleuse d'ar\u00e8ne Fabricant et fournisseur | Factory Direct | Chinajumps<\/a><img loading=\"lazy\" decoding=\"async\" class=\"aligncenter size-full wp-image-4271\" src=\"https:\/\/www.chinajumps.com\/wp-content\/uploads\/2025\/07\/f2d9a82d-686b-4f07-9eb5-91e7db147c27.jpg\" alt=\"Orange Horse Basic Leveler 12-15\" width=\"2364\" height=\"1773\" srcset=\"https:\/\/www.chinajumps.com\/wp-content\/uploads\/2025\/07\/f2d9a82d-686b-4f07-9eb5-91e7db147c27.jpg 2364w, https:\/\/www.chinajumps.com\/wp-content\/uploads\/2025\/07\/f2d9a82d-686b-4f07-9eb5-91e7db147c27-300x225.jpg 300w, https:\/\/www.chinajumps.com\/wp-content\/uploads\/2025\/07\/f2d9a82d-686b-4f07-9eb5-91e7db147c27-1024x768.jpg 1024w, https:\/\/www.chinajumps.com\/wp-content\/uploads\/2025\/07\/f2d9a82d-686b-4f07-9eb5-91e7db147c27-768x576.jpg 768w, https:\/\/www.chinajumps.com\/wp-content\/uploads\/2025\/07\/f2d9a82d-686b-4f07-9eb5-91e7db147c27-1536x1152.jpg 1536w, https:\/\/www.chinajumps.com\/wp-content\/uploads\/2025\/07\/f2d9a82d-686b-4f07-9eb5-91e7db147c27-2048x1536.jpg 2048w, https:\/\/www.chinajumps.com\/wp-content\/uploads\/2025\/07\/f2d9a82d-686b-4f07-9eb5-91e7db147c27-16x12.jpg 16w, https:\/\/www.chinajumps.com\/wp-content\/uploads\/2025\/07\/f2d9a82d-686b-4f07-9eb5-91e7db147c27-600x450.jpg 600w\" sizes=\"auto, (max-width: 2364px) 100vw, 2364px\" \/><\/div>\n<div><\/div>\n<div>Le\u00a0<strong>Niveleur de chevaux de base<\/strong>\u00a0n'est pas n\u00e9gociable pour les centres \u00e9questres et les propri\u00e9taires de chevaux. Con\u00e7u pour des largeurs de travail de 1,2 \u00e0 1,5 m (le \"12-15\" de son nom), ce syst\u00e8me est con\u00e7u pour les chevaux.\u00a0<strong>Niveleur de chevaux de base<\/strong>\u00a0permet de nettoyer les sols irr\u00e9guliers du man\u00e8ge, d'effacer les orni\u00e8res, les bosses et les zones compactes afin de prot\u00e9ger les chevaux et d'am\u00e9liorer leurs performances. Compatible avec les tracteurs (attelage 3 points) ou les VTT, il est dot\u00e9 d'une profondeur de dent r\u00e9glable, d'un ch\u00e2ssis en acier robuste et d'un fonctionnement intuitif qui convient aussi bien aux nouveaux utilisateurs qu'aux utilisateurs exp\u00e9riment\u00e9s. Peu exigeant en termes d'entretien et rentable, le\u00a0<strong>Niveleur de chevaux de base<\/strong>\u00a0simplifie l'entretien quotidien de l'ar\u00e8ne et permet d'obtenir des r\u00e9sultats professionnels constants pour les surfaces de dressage, de saut d'obstacles ou de travail \u00e0 plat.<\/div>\n<div class=\"container-Uxvbjy md-box-line-break wrapper-GYqxgQ undefined\"><\/div>\n<div class=\"auto-hide-last-sibling-br paragraph-pP9ZLC paragraph-element br-paragraph-space\">Lorsqu'il s'agit de maintenir un sol s\u00fbr et coh\u00e9rent pour l'entra\u00eenement et la comp\u00e9tition \u00e9questres, le\u00a0<strong>Niveleur de chevaux de base<\/strong>\u00a0se distingue comme une solution fiable et polyvalente pour les \u00e9curies, les centres \u00e9questres et les propri\u00e9taires de chevaux. Con\u00e7ue pour s'attaquer aux surfaces in\u00e9gales du man\u00e8ge caus\u00e9es par le passage des sabots, les conditions m\u00e9t\u00e9orologiques ou l'usure g\u00e9n\u00e9rale, la\u00a0<strong>Niveleur de chevaux de base<\/strong>\u00a012-15 allie durabilit\u00e9, facilit\u00e9 d'utilisation et performances r\u00e9glables pour maintenir l'aire d'entra\u00eenement de votre cheval en parfait \u00e9tat.<img loading=\"lazy\" decoding=\"async\" class=\"aligncenter size-full wp-image-4270\" src=\"https:\/\/www.chinajumps.com\/wp-content\/uploads\/2025\/07\/5a11a709-d9ba-493d-aae6-64358b066a3f.jpg\" alt=\"\" width=\"2048\" height=\"2048\" srcset=\"https:\/\/www.chinajumps.com\/wp-content\/uploads\/2025\/07\/5a11a709-d9ba-493d-aae6-64358b066a3f.jpg 2048w, https:\/\/www.chinajumps.com\/wp-content\/uploads\/2025\/07\/5a11a709-d9ba-493d-aae6-64358b066a3f-300x300.jpg 300w, https:\/\/www.chinajumps.com\/wp-content\/uploads\/2025\/07\/5a11a709-d9ba-493d-aae6-64358b066a3f-1024x1024.jpg 1024w, https:\/\/www.chinajumps.com\/wp-content\/uploads\/2025\/07\/5a11a709-d9ba-493d-aae6-64358b066a3f-150x150.jpg 150w, https:\/\/www.chinajumps.com\/wp-content\/uploads\/2025\/07\/5a11a709-d9ba-493d-aae6-64358b066a3f-768x768.jpg 768w, https:\/\/www.chinajumps.com\/wp-content\/uploads\/2025\/07\/5a11a709-d9ba-493d-aae6-64358b066a3f-1536x1536.jpg 1536w, https:\/\/www.chinajumps.com\/wp-content\/uploads\/2025\/07\/5a11a709-d9ba-493d-aae6-64358b066a3f-12x12.jpg 12w, https:\/\/www.chinajumps.com\/wp-content\/uploads\/2025\/07\/5a11a709-d9ba-493d-aae6-64358b066a3f-600x600.jpg 600w, https:\/\/www.chinajumps.com\/wp-content\/uploads\/2025\/07\/5a11a709-d9ba-493d-aae6-64358b066a3f-100x100.jpg 100w\" sizes=\"auto, (max-width: 2048px) 100vw, 2048px\" \/><\/div>\n<div class=\"container-Uxvbjy md-box-line-break wrapper-GYqxgQ undefined\"><\/div>\n<div class=\"auto-hide-last-sibling-br paragraph-pP9ZLC paragraph-element br-paragraph-space\">Au c\u0153ur de la\u00a0<strong>Niveleur de chevaux de base<\/strong>est sa largeur de travail adaptable - allant de 1,2 m \u00e0 1,5 m (le \"12-15\" de son nom) - qui lui permet de convenir aussi bien aux ar\u00e8nes priv\u00e9es compactes qu'aux installations commerciales de plus grande taille. Qu'il s'agisse de toiletter une piste de dressage ou de pr\u00e9parer un terrain de saut d'obstacles, cette machine est tr\u00e8s pratique.\u00a0<strong>Niveleur de chevaux de base<\/strong>\u00a0assure une couverture uniforme en moins de passages, ce qui permet d'\u00e9conomiser du temps et des efforts par rapport aux outils de nivellement manuels. Sa construction robuste, comprenant un cadre en acier r\u00e9sistant et des composants r\u00e9sistants \u00e0 la corrosion, lui permet de r\u00e9sister \u00e0 une utilisation r\u00e9guli\u00e8re dans des environnements ext\u00e9rieurs et int\u00e9rieurs, qu'il s'agisse de sols sablonneux ou de surfaces recouvertes d'un enrob\u00e9 de caoutchouc.<\/div>\n<div class=\"container-Uxvbjy md-box-line-break wrapper-GYqxgQ undefined\"><\/div>\n<div class=\"auto-hide-last-sibling-br paragraph-pP9ZLC paragraph-element br-paragraph-space\">Qu'est-ce qui d\u00e9termine la\u00a0<strong>Niveleur de chevaux de base<\/strong>\u00a0Le plus important est sa conception multifonctionnelle : il est \u00e9quip\u00e9 d'un r\u00e2teau de pr\u00e9cision pour briser les sols compacts ou le sable, d'une lame de nivellement pour aplanir les irr\u00e9gularit\u00e9s et d'un r\u00e9glage optionnel de la profondeur des dents (jusqu'\u00e0 50 mm) pour adapter le toilettage aux besoins sp\u00e9cifiques de votre ar\u00e8ne. Compatible avec les tracteurs (via l'attelage \u00e0 3 points) ou les VTT\/quads, ce r\u00e2teau peut \u00eatre utilis\u00e9 pour le nettoyage des pistes.\u00a0<strong>Niveleur de chevaux de base<\/strong>\u00a0se fixe rapidement et fonctionne en douceur, m\u00eame pour les utilisateurs ayant une exp\u00e9rience minimale de l'\u00e9quipement. D'un poids d'environ 350 kg, il \u00e9quilibre stabilit\u00e9 et maniabilit\u00e9 - suffisamment lourd pour produire des r\u00e9sultats coh\u00e9rents, mais suffisamment l\u00e9ger pour \u00e9viter d'endommager les bases d\u00e9licates de l'ar\u00e8ne.<\/div>\n<div class=\"container-Uxvbjy md-box-line-break wrapper-GYqxgQ undefined\"><\/div>\n<div class=\"auto-hide-last-sibling-br paragraph-pP9ZLC paragraph-element br-paragraph-space\">Pour les cavaliers, la s\u00e9curit\u00e9 n'est pas n\u00e9gociable.\u00a0<strong>Niveleur de chevaux de base<\/strong>\u00a0La surface bien entretenue contribue directement \u00e0 cet objectif en \u00e9liminant les orni\u00e8res, les bosses et les irr\u00e9gularit\u00e9s du sol qui peuvent entra\u00eener des tensions ou des blessures chez les chevaux. Une surface bien entretenue am\u00e9liore \u00e9galement les performances : une assise coh\u00e9rente permet aux chevaux de se d\u00e9placer en toute confiance, qu'il s'agisse de transitions, de sauts ou de travail sur le plat. Au fil du temps, le\u00a0<strong>Niveleur de chevaux de base<\/strong>\u00a0contribue \u00e0 prolonger la dur\u00e9e de vie du mat\u00e9riau de fondation de votre ar\u00e8ne en r\u00e9duisant le compactage et en assurant une distribution uniforme, ce qui minimise la n\u00e9cessit\u00e9 d'un resurfa\u00e7age co\u00fbteux.<\/div>\n<div class=\"container-Uxvbjy md-box-line-break wrapper-GYqxgQ undefined\"><\/div>\n<div class=\"auto-hide-last-sibling-br paragraph-pP9ZLC paragraph-element br-paragraph-space\">Contrairement aux \u00e9quipements de damage d'ar\u00e8nes plus complexes (et plus co\u00fbteux), le\u00a0<strong>Niveleur de chevaux de base<\/strong>\u00a0offre des r\u00e9sultats de qualit\u00e9 professionnelle, sans fioritures inutiles. Sa conception \u00e0 faible maintenance signifie un entretien minimal - il suffit de la nettoyer apr\u00e8s utilisation et de v\u00e9rifier l'usure des pi\u00e8ces mobiles - et sa compatibilit\u00e9 avec les v\u00e9hicules agricoles standard signifie que vous n'avez pas besoin de machines sp\u00e9cialis\u00e9es pour l'utiliser. Que vous soyez un cavalier du week-end qui entretient un petit man\u00e8ge dans sa cour ou un gestionnaire d'installations responsable du toilettage quotidien, le\u00a0<strong>Niveleur de chevaux de base<\/strong>\u00a0permet d'obtenir des r\u00e9sultats constants et de haute qualit\u00e9 \u00e0 chaque fois.<\/div>\n<div class=\"container-Uxvbjy md-box-line-break wrapper-GYqxgQ undefined\"><\/div>\n<div class=\"auto-hide-last-sibling-br paragraph-pP9ZLC paragraph-element br-paragraph-space\">En bref, le\u00a0<strong>Niveleur de chevaux de base<\/strong>\u00a012-15 est plus qu'un simple outil : c'est un investissement dans le confort, la s\u00e9curit\u00e9 et les performances de votre cheval. Avec sa largeur r\u00e9glable, sa construction durable et sa conception conviviale, cette longe est un investissement dans le confort, la s\u00e9curit\u00e9 et les performances de votre cheval.\u00a0<strong>Niveleur de chevaux de base<\/strong>\u00a0simplifie l'entretien du man\u00e8ge et vous permet de vous concentrer sur ce qui compte le plus : l'\u00e9quitation et l'entra\u00eenement.<\/div>","protected":false},"excerpt":{"rendered":"<p>Basic Horse Leveler 12-15: The Essential Tool for Perfect Equestrian Arena Surfaces Basic Horse Leveler\u00a012-15: 1.2\u20131.5m width, fits tractors\/ATVs, smooths arena ruts, boosts horse safety, low-maintenance, ideal for dressage and jumping grounds. Basic Horse Leveler 12-15: smooths arena footing, ensures horse safety, fits tractors\/ATVs.If you need more models, please check Arena leveler Manufacturer &amp; Supplier [&hellip;]<\/p>","protected":false},"featured_media":4268,"template":"","meta":{"site-sidebar-layout":"default","site-content-layout":"","ast-site-content-layout":"default","site-content-style":"default","site-sidebar-style":"default","ast-global-header-display":"","ast-banner-title-visibility":"","ast-main-header-display":"","ast-hfb-above-header-display":"","ast-hfb-below-header-display":"","ast-hfb-mobile-header-display":"","site-post-title":"","ast-breadcrumbs-content":"","ast-featured-img":"","footer-sml-layout":"","theme-transparent-header-meta":"default","adv-header-id-meta":"","stick-header-meta":"","header-above-stick-meta":"","header-main-stick-meta":"","header-below-stick-meta":"","astra-migrate-meta-layouts":"set","ast-page-background-enabled":"default","ast-page-background-meta":{"desktop":{"background-color":"","background-image":"","background-repeat":"repeat","background-position":"center center","background-size":"auto","background-attachment":"scroll","background-type":"","background-media":"","overlay-type":"","overlay-color":"","overlay-opacity":"","overlay-gradient":""},"tablet":{"background-color":"","background-image":"","background-repeat":"repeat","background-position":"center center","background-size":"auto","background-attachment":"scroll","background-type":"","background-media":"","overlay-type":"","overlay-color":"","overlay-opacity":"","overlay-gradient":""},"mobile":{"background-color":"","background-image":"","background-repeat":"repeat","background-position":"center center","background-size":"auto","background-attachment":"scroll","background-type":"","background-media":"","overlay-type":"","overlay-color":"","overlay-opacity":"","overlay-gradient":""}},"ast-content-background-meta":{"desktop":{"background-color":"var(--ast-global-color-5)","background-image":"","background-repeat":"repeat","background-position":"center center","background-size":"auto","background-attachment":"scroll","background-type":"","background-media":"","overlay-type":"","overlay-color":"","overlay-opacity":"","overlay-gradient":""},"tablet":{"background-color":"var(--ast-global-color-5)","background-image":"","background-repeat":"repeat","background-position":"center center","background-size":"auto","background-attachment":"scroll","background-type":"","background-media":"","overlay-type":"","overlay-color":"","overlay-opacity":"","overlay-gradient":""},"mobile":{"background-color":"var(--ast-global-color-5)","background-image":"","background-repeat":"repeat","background-position":"center center","background-size":"auto","background-attachment":"scroll","background-type":"","background-media":"","overlay-type":"","overlay-color":"","overlay-opacity":"","overlay-gradient":""}}},"product_brand":[],"product_cat":[73],"product_tag":[],"class_list":{"0":"post-2614","1":"product","2":"type-product","3":"status-publish","4":"has-post-thumbnail","6":"product_cat-arena-leveler","7":"desktop-align-center","8":"tablet-align-left","9":"mobile-align-left","11":"first","12":"instock","13":"shipping-taxable","14":"product-type-external"},"_links":{"self":[{"href":"https:\/\/www.chinajumps.com\/fr\/wp-json\/wp\/v2\/product\/2614","targetHints":{"allow":["GET"]}}],"collection":[{"href":"https:\/\/www.chinajumps.com\/fr\/wp-json\/wp\/v2\/product"}],"about":[{"href":"https:\/\/www.chinajumps.com\/fr\/wp-json\/wp\/v2\/types\/product"}],"wp:featuredmedia":[{"embeddable":true,"href":"https:\/\/www.chinajumps.com\/fr\/wp-json\/wp\/v2\/media\/4268"}],"wp:attachment":[{"href":"https:\/\/www.chinajumps.com\/fr\/wp-json\/wp\/v2\/media?parent=2614"}],"wp:term":[{"taxonomy":"product_brand","embeddable":true,"href":"https:\/\/www.chinajumps.com\/fr\/wp-json\/wp\/v2\/product_brand?post=2614"},{"taxonomy":"product_cat","embeddable":true,"href":"https:\/\/www.chinajumps.com\/fr\/wp-json\/wp\/v2\/product_cat?post=2614"},{"taxonomy":"product_tag","embeddable":true,"href":"https:\/\/www.chinajumps.com\/fr\/wp-json\/wp\/v2\/product_tag?post=2614"}],"curies":[{"name":"wp","href":"https:\/\/api.w.org\/{rel}","templated":true}]}}