{"id":2606,"date":"2025-07-09T16:15:31","date_gmt":"2025-07-09T16:15:31","guid":{"rendered":"https:\/\/www.chinajumps.com\/product\/horserace-arena-leveler-grader-tractor-high-power-performance-tool\/"},"modified":"2025-07-09T19:29:01","modified_gmt":"2025-07-09T19:29:01","slug":"horserace-arena-leveler-grader-tractor-high-power-performance-tool","status":"publish","type":"product","link":"https:\/\/www.chinajumps.com\/fr\/produit\/horserace-arena-leveler-grader-tractor-high-power-performance-tool\/","title":{"rendered":"Niveleuse de piste de course hippique Niveleuse Tracteur Haute puissance Outil de performance"},"content":{"rendered":"<p><strong>Faites l'exp\u00e9rience d'une durabilit\u00e9 in\u00e9gal\u00e9e et d'un design professionnel avec le tracteur de VTT Reeds TC01, con\u00e7u pour les sports de plein air et l'am\u00e9nagement des man\u00e8ges.<\/strong><\/p>\n<p>Construite en acier inoxydable de haute qualit\u00e9, cette machine robuste offre des performances fiables et r\u00e9siste aux conditions difficiles. Fabriqu\u00e9e avec pr\u00e9cision par une \u00e9quipe de professionnels, elle garantit \u00e0 la fois la solidit\u00e9 et l'efficacit\u00e9 de vos projets d'ext\u00e9rieur.<\/p>\n<p><strong>Construction durable en acier inoxydable<\/strong> garantit une utilisation durable dans des environnements difficiles.<\/p>\n<p><strong>Con\u00e7u sp\u00e9cialement pour l'am\u00e9nagement des man\u00e8ges et les sports de plein air<\/strong>Les services d'aide \u00e0 l'enfance, qui r\u00e9pondent \u00e0 des besoins sp\u00e9cifiques.<\/p>\n<p><strong>Moteur puissant capable d'atteindre des vitesses allant jusqu'\u00e0 60 km\/h<\/strong> pour un fonctionnement efficace.<\/p>\n<p><strong>Contr\u00f4le de qualit\u00e9 approfondi avec l'inspection 100%<\/strong> pour garantir des performances et une fiabilit\u00e9 optimales.<\/p>\n<p><strong>Disponible dans une vari\u00e9t\u00e9 de couleurs<\/strong> pour r\u00e9pondre \u00e0 vos pr\u00e9f\u00e9rences et aux exigences de votre projet.<\/p>","protected":false},"excerpt":{"rendered":"<p>Experience unmatched durability and professional design with the Reeds TC01 ATV tractor, engineered for outdoor sports and horse arena landscaping. Built from high-quality stainless steel, this robust machine delivers reliable performance and withstands demanding conditions. Precision-crafted by a professional team, it ensures both strength and efficiency for your outdoor projects. Durable stainless steel construction guarantees [&hellip;]<\/p>","protected":false},"featured_media":2605,"template":"","meta":{"site-sidebar-layout":"default","site-content-layout":"","ast-site-content-layout":"","site-content-style":"default","site-sidebar-style":"default","ast-global-header-display":"","ast-banner-title-visibility":"","ast-main-header-display":"","ast-hfb-above-header-display":"","ast-hfb-below-header-display":"","ast-hfb-mobile-header-display":"","site-post-title":"","ast-breadcrumbs-content":"","ast-featured-img":"","footer-sml-layout":"","theme-transparent-header-meta":"","adv-header-id-meta":"","stick-header-meta":"","header-above-stick-meta":"","header-main-stick-meta":"","header-below-stick-meta":"","astra-migrate-meta-layouts":"default","ast-page-background-enabled":"default","ast-page-background-meta":{"desktop":{"background-color":"","background-image":"","background-repeat":"repeat","background-position":"center center","background-size":"auto","background-attachment":"scroll","background-type":"","background-media":"","overlay-type":"","overlay-color":"","overlay-opacity":"","overlay-gradient":""},"tablet":{"background-color":"","background-image":"","background-repeat":"repeat","background-position":"center center","background-size":"auto","background-attachment":"scroll","background-type":"","background-media":"","overlay-type":"","overlay-color":"","overlay-opacity":"","overlay-gradient":""},"mobile":{"background-color":"","background-image":"","background-repeat":"repeat","background-position":"center center","background-size":"auto","background-attachment":"scroll","background-type":"","background-media":"","overlay-type":"","overlay-color":"","overlay-opacity":"","overlay-gradient":""}},"ast-content-background-meta":{"desktop":{"background-color":"var(--ast-global-color-5)","background-image":"","background-repeat":"repeat","background-position":"center center","background-size":"auto","background-attachment":"scroll","background-type":"","background-media":"","overlay-type":"","overlay-color":"","overlay-opacity":"","overlay-gradient":""},"tablet":{"background-color":"var(--ast-global-color-5)","background-image":"","background-repeat":"repeat","background-position":"center center","background-size":"auto","background-attachment":"scroll","background-type":"","background-media":"","overlay-type":"","overlay-color":"","overlay-opacity":"","overlay-gradient":""},"mobile":{"background-color":"var(--ast-global-color-5)","background-image":"","background-repeat":"repeat","background-position":"center center","background-size":"auto","background-attachment":"scroll","background-type":"","background-media":"","overlay-type":"","overlay-color":"","overlay-opacity":"","overlay-gradient":""}}},"product_brand":[],"product_cat":[73],"product_tag":[],"class_list":{"0":"post-2606","1":"product","2":"type-product","3":"status-publish","4":"has-post-thumbnail","6":"product_cat-arena-leveler","7":"desktop-align-center","8":"tablet-align-left","9":"mobile-align-left","11":"first","12":"instock","13":"shipping-taxable","14":"product-type-external"},"_links":{"self":[{"href":"https:\/\/www.chinajumps.com\/fr\/wp-json\/wp\/v2\/product\/2606","targetHints":{"allow":["GET"]}}],"collection":[{"href":"https:\/\/www.chinajumps.com\/fr\/wp-json\/wp\/v2\/product"}],"about":[{"href":"https:\/\/www.chinajumps.com\/fr\/wp-json\/wp\/v2\/types\/product"}],"wp:featuredmedia":[{"embeddable":true,"href":"https:\/\/www.chinajumps.com\/fr\/wp-json\/wp\/v2\/media\/2605"}],"wp:attachment":[{"href":"https:\/\/www.chinajumps.com\/fr\/wp-json\/wp\/v2\/media?parent=2606"}],"wp:term":[{"taxonomy":"product_brand","embeddable":true,"href":"https:\/\/www.chinajumps.com\/fr\/wp-json\/wp\/v2\/product_brand?post=2606"},{"taxonomy":"product_cat","embeddable":true,"href":"https:\/\/www.chinajumps.com\/fr\/wp-json\/wp\/v2\/product_cat?post=2606"},{"taxonomy":"product_tag","embeddable":true,"href":"https:\/\/www.chinajumps.com\/fr\/wp-json\/wp\/v2\/product_tag?post=2606"}],"curies":[{"name":"wp","href":"https:\/\/api.w.org\/{rel}","templated":true}]}}