{"id":2578,"date":"2025-07-09T16:11:53","date_gmt":"2025-07-09T16:11:53","guid":{"rendered":"https:\/\/www.chinajumps.com\/product\/ce-certified-750w-motor-horse-walker-for-efficient-equine-exercise\/"},"modified":"2025-07-09T19:29:02","modified_gmt":"2025-07-09T19:29:02","slug":"ce-certified-750w-motor-horse-walker-for-efficient-equine-exercise","status":"publish","type":"product","link":"https:\/\/www.chinajumps.com\/fr\/produit\/ce-certified-750w-motor-horse-walker-for-efficient-equine-exercise\/","title":{"rendered":"Marcheur \u00e0 moteur 750W certifi\u00e9 CE pour l'exercice \u00e9quin efficace"},"content":{"rendered":"<p><strong>Faites l'exp\u00e9rience d'une efficacit\u00e9 et d'une durabilit\u00e9 in\u00e9gal\u00e9es avec le marcheur pour chevaux REEDS HW-01 \u00e0 deux moteurs.<\/strong><\/p>\n<p>Cet \u00e9quipement d'exercice pour chevaux de premi\u00e8re qualit\u00e9 est con\u00e7u pour accueillir jusqu'\u00e0 six chevaux simultan\u00e9ment, optimisant ainsi votre routine d'entra\u00eenement gr\u00e2ce \u00e0 des performances fiables. Dot\u00e9 d'un cadre robuste de 12 m\u00e8tres de diam\u00e8tre et d'une couleur de corps personnalisable, il s'int\u00e8gre parfaitement \u00e0 tout centre \u00e9questre.<\/p>\n<p>Aliment\u00e9 par deux moteurs de 750 W, le HW-01 garantit un fonctionnement r\u00e9gulier et fluide, offrant un contr\u00f4le et une s\u00e9curit\u00e9 sup\u00e9rieurs \u00e0 vos chevaux. Con\u00e7u pour durer et \u00eatre facile \u00e0 utiliser, ce marcheur est une solution professionnelle pour l'entra\u00eenement \u00e9questre.<\/p>\n<p><strong>Caract\u00e9ristiques principales :<\/strong><\/p>\n<p>- Permet un exercice efficace pour jusqu'\u00e0 six chevaux \u00e0 la fois, maximisant ainsi la capacit\u00e9 d'entra\u00eenement.<\/p>\n<p>- \u00c9quip\u00e9 de deux moteurs de 750 W pour des performances puissantes et fiables.<\/p>\n<p>- Couleur du corps et design personnalisables pour s'adapter \u00e0 l'esth\u00e9tique de votre \u00e9tablissement.<\/p>\n<p>- Construction durable avec un cadre de 12 m\u00e8tres de diam\u00e8tre pour un grand espace.<\/p>\n<p>- Un \u00e9quipement de qualit\u00e9 professionnelle con\u00e7u pour une s\u00e9curit\u00e9 optimale et une grande facilit\u00e9 d'utilisation.<\/p>","protected":false},"excerpt":{"rendered":"<p>Experience unmatched efficiency and durability with the REEDS HW-01 Dual-Motor Horse Walker. This premium horse exercise equipment is designed to accommodate up to six horses simultaneously, optimizing your training routine with reliable performance. Built with a robust 12-meter diameter frame and customizable body color, it integrates seamlessly into any equestrian facility. Powered by dual 750W [&hellip;]<\/p>","protected":false},"featured_media":2577,"template":"","meta":{"site-sidebar-layout":"default","site-content-layout":"","ast-site-content-layout":"","site-content-style":"default","site-sidebar-style":"default","ast-global-header-display":"","ast-banner-title-visibility":"","ast-main-header-display":"","ast-hfb-above-header-display":"","ast-hfb-below-header-display":"","ast-hfb-mobile-header-display":"","site-post-title":"","ast-breadcrumbs-content":"","ast-featured-img":"","footer-sml-layout":"","theme-transparent-header-meta":"","adv-header-id-meta":"","stick-header-meta":"","header-above-stick-meta":"","header-main-stick-meta":"","header-below-stick-meta":"","astra-migrate-meta-layouts":"default","ast-page-background-enabled":"default","ast-page-background-meta":{"desktop":{"background-color":"","background-image":"","background-repeat":"repeat","background-position":"center center","background-size":"auto","background-attachment":"scroll","background-type":"","background-media":"","overlay-type":"","overlay-color":"","overlay-opacity":"","overlay-gradient":""},"tablet":{"background-color":"","background-image":"","background-repeat":"repeat","background-position":"center center","background-size":"auto","background-attachment":"scroll","background-type":"","background-media":"","overlay-type":"","overlay-color":"","overlay-opacity":"","overlay-gradient":""},"mobile":{"background-color":"","background-image":"","background-repeat":"repeat","background-position":"center center","background-size":"auto","background-attachment":"scroll","background-type":"","background-media":"","overlay-type":"","overlay-color":"","overlay-opacity":"","overlay-gradient":""}},"ast-content-background-meta":{"desktop":{"background-color":"var(--ast-global-color-5)","background-image":"","background-repeat":"repeat","background-position":"center center","background-size":"auto","background-attachment":"scroll","background-type":"","background-media":"","overlay-type":"","overlay-color":"","overlay-opacity":"","overlay-gradient":""},"tablet":{"background-color":"var(--ast-global-color-5)","background-image":"","background-repeat":"repeat","background-position":"center center","background-size":"auto","background-attachment":"scroll","background-type":"","background-media":"","overlay-type":"","overlay-color":"","overlay-opacity":"","overlay-gradient":""},"mobile":{"background-color":"var(--ast-global-color-5)","background-image":"","background-repeat":"repeat","background-position":"center center","background-size":"auto","background-attachment":"scroll","background-type":"","background-media":"","overlay-type":"","overlay-color":"","overlay-opacity":"","overlay-gradient":""}}},"product_brand":[],"product_cat":[75],"product_tag":[],"class_list":{"0":"post-2578","1":"product","2":"type-product","3":"status-publish","4":"has-post-thumbnail","6":"product_cat-horse-walker","7":"desktop-align-center","8":"tablet-align-left","9":"mobile-align-left","11":"first","12":"instock","13":"shipping-taxable","14":"product-type-external"},"_links":{"self":[{"href":"https:\/\/www.chinajumps.com\/fr\/wp-json\/wp\/v2\/product\/2578","targetHints":{"allow":["GET"]}}],"collection":[{"href":"https:\/\/www.chinajumps.com\/fr\/wp-json\/wp\/v2\/product"}],"about":[{"href":"https:\/\/www.chinajumps.com\/fr\/wp-json\/wp\/v2\/types\/product"}],"wp:featuredmedia":[{"embeddable":true,"href":"https:\/\/www.chinajumps.com\/fr\/wp-json\/wp\/v2\/media\/2577"}],"wp:attachment":[{"href":"https:\/\/www.chinajumps.com\/fr\/wp-json\/wp\/v2\/media?parent=2578"}],"wp:term":[{"taxonomy":"product_brand","embeddable":true,"href":"https:\/\/www.chinajumps.com\/fr\/wp-json\/wp\/v2\/product_brand?post=2578"},{"taxonomy":"product_cat","embeddable":true,"href":"https:\/\/www.chinajumps.com\/fr\/wp-json\/wp\/v2\/product_cat?post=2578"},{"taxonomy":"product_tag","embeddable":true,"href":"https:\/\/www.chinajumps.com\/fr\/wp-json\/wp\/v2\/product_tag?post=2578"}],"curies":[{"name":"wp","href":"https:\/\/api.w.org\/{rel}","templated":true}]}}