{"id":2571,"date":"2025-07-09T16:11:13","date_gmt":"2025-07-09T16:11:13","guid":{"rendered":"https:\/\/www.chinajumps.com\/product\/heavy-duty-steel-horse-walker-with-powerful-italian-motor\/"},"modified":"2025-07-09T19:29:02","modified_gmt":"2025-07-09T19:29:02","slug":"heavy-duty-steel-horse-walker-with-powerful-italian-motor","status":"publish","type":"product","link":"https:\/\/www.chinajumps.com\/fr\/produit\/heavy-duty-steel-horse-walker-with-powerful-italian-motor\/","title":{"rendered":"Marcheur pour chevaux en acier robuste avec puissant moteur italien"},"content":{"rendered":"<p><strong>Con\u00e7us pour \u00eatre durables et performants, les produits pour chevaux de la s\u00e9rie HW offrent un fonctionnement fiable et des options personnalisables pour r\u00e9pondre \u00e0 vos besoins \u00e9questres.<\/strong><\/p>\n<p>Fabriqu\u00e9 en acier HDG de haute qualit\u00e9, ce produit offre une construction robuste avec une vari\u00e9t\u00e9 de choix de couleurs. Con\u00e7u pour \u00eatre efficace, il supporte des vitesses allant jusqu'\u00e0 15 km\/h et fonctionne sur une alimentation \u00e9lectrique standard de 220V.<\/p>\n<p>Choisissez parmi les solutions de toiture optionnelles, y compris la demi-couverture ou la couverture compl\u00e8te, pour prot\u00e9ger vos chevaux par tous les temps. Les options de cl\u00f4ture comprennent des planches en bois, en bambou ou en PEHD, ce qui vous permet d'adapter l'enclos \u00e0 vos besoins sp\u00e9cifiques.<\/p>\n<p><strong>Caract\u00e9ristiques principales :<\/strong><br \/>La construction en acier HDG durable garantit une solidit\u00e9 et une r\u00e9sistance \u00e0 l'usure durables.<br \/>Les diam\u00e8tres flexibles vont de 12 \u00e0 20 m\u00e8tres pour r\u00e9pondre aux diff\u00e9rents besoins d'espace.<br \/>Le moteur Motovario fiable fournit une puissance constante et un fonctionnement en douceur.<br \/>Options de couverture personnalisables pour une protection et un confort optimaux.<br \/>Plusieurs mat\u00e9riaux de cl\u00f4ture sont disponibles pour une s\u00e9curit\u00e9 et une esth\u00e9tique adapt\u00e9es.<\/p>","protected":false},"excerpt":{"rendered":"<p>Engineered for durability and performance, the HW Series Horse Product delivers reliable operation and customizable options to meet your equestrian needs. Crafted from high-quality HDG steel, this product offers robust construction with a variety of color choices. Designed for efficiency, it supports speeds up to 15 km\/h and operates on a standard 220V power supply. [&hellip;]<\/p>","protected":false},"featured_media":2568,"template":"","meta":{"site-sidebar-layout":"default","site-content-layout":"","ast-site-content-layout":"","site-content-style":"default","site-sidebar-style":"default","ast-global-header-display":"","ast-banner-title-visibility":"","ast-main-header-display":"","ast-hfb-above-header-display":"","ast-hfb-below-header-display":"","ast-hfb-mobile-header-display":"","site-post-title":"","ast-breadcrumbs-content":"","ast-featured-img":"","footer-sml-layout":"","theme-transparent-header-meta":"","adv-header-id-meta":"","stick-header-meta":"","header-above-stick-meta":"","header-main-stick-meta":"","header-below-stick-meta":"","astra-migrate-meta-layouts":"default","ast-page-background-enabled":"default","ast-page-background-meta":{"desktop":{"background-color":"","background-image":"","background-repeat":"repeat","background-position":"center center","background-size":"auto","background-attachment":"scroll","background-type":"","background-media":"","overlay-type":"","overlay-color":"","overlay-opacity":"","overlay-gradient":""},"tablet":{"background-color":"","background-image":"","background-repeat":"repeat","background-position":"center center","background-size":"auto","background-attachment":"scroll","background-type":"","background-media":"","overlay-type":"","overlay-color":"","overlay-opacity":"","overlay-gradient":""},"mobile":{"background-color":"","background-image":"","background-repeat":"repeat","background-position":"center center","background-size":"auto","background-attachment":"scroll","background-type":"","background-media":"","overlay-type":"","overlay-color":"","overlay-opacity":"","overlay-gradient":""}},"ast-content-background-meta":{"desktop":{"background-color":"var(--ast-global-color-5)","background-image":"","background-repeat":"repeat","background-position":"center center","background-size":"auto","background-attachment":"scroll","background-type":"","background-media":"","overlay-type":"","overlay-color":"","overlay-opacity":"","overlay-gradient":""},"tablet":{"background-color":"var(--ast-global-color-5)","background-image":"","background-repeat":"repeat","background-position":"center center","background-size":"auto","background-attachment":"scroll","background-type":"","background-media":"","overlay-type":"","overlay-color":"","overlay-opacity":"","overlay-gradient":""},"mobile":{"background-color":"var(--ast-global-color-5)","background-image":"","background-repeat":"repeat","background-position":"center center","background-size":"auto","background-attachment":"scroll","background-type":"","background-media":"","overlay-type":"","overlay-color":"","overlay-opacity":"","overlay-gradient":""}}},"product_brand":[],"product_cat":[75],"product_tag":[],"class_list":{"0":"post-2571","1":"product","2":"type-product","3":"status-publish","4":"has-post-thumbnail","6":"product_cat-horse-walker","7":"desktop-align-center","8":"tablet-align-left","9":"mobile-align-left","11":"first","12":"instock","13":"shipping-taxable","14":"product-type-external"},"_links":{"self":[{"href":"https:\/\/www.chinajumps.com\/fr\/wp-json\/wp\/v2\/product\/2571","targetHints":{"allow":["GET"]}}],"collection":[{"href":"https:\/\/www.chinajumps.com\/fr\/wp-json\/wp\/v2\/product"}],"about":[{"href":"https:\/\/www.chinajumps.com\/fr\/wp-json\/wp\/v2\/types\/product"}],"wp:featuredmedia":[{"embeddable":true,"href":"https:\/\/www.chinajumps.com\/fr\/wp-json\/wp\/v2\/media\/2568"}],"wp:attachment":[{"href":"https:\/\/www.chinajumps.com\/fr\/wp-json\/wp\/v2\/media?parent=2571"}],"wp:term":[{"taxonomy":"product_brand","embeddable":true,"href":"https:\/\/www.chinajumps.com\/fr\/wp-json\/wp\/v2\/product_brand?post=2571"},{"taxonomy":"product_cat","embeddable":true,"href":"https:\/\/www.chinajumps.com\/fr\/wp-json\/wp\/v2\/product_cat?post=2571"},{"taxonomy":"product_tag","embeddable":true,"href":"https:\/\/www.chinajumps.com\/fr\/wp-json\/wp\/v2\/product_tag?post=2571"}],"curies":[{"name":"wp","href":"https:\/\/api.w.org\/{rel}","templated":true}]}}