{"id":2556,"date":"2025-07-09T15:55:35","date_gmt":"2025-07-09T15:55:35","guid":{"rendered":"https:\/\/www.chinajumps.com\/product\/fei-standard-equestrian-show-jumping-poles-aluminum-wood-hdpe-options\/"},"modified":"2025-12-11T06:57:04","modified_gmt":"2025-12-11T06:57:04","slug":"fei-standard-wooden-poles-jumping","status":"publish","type":"product","link":"https:\/\/www.chinajumps.com\/fr\/produit\/fei-standard-wooden-poles-jumping\/","title":{"rendered":"Poteaux en bois FEI Standard Poteaux de saut d'obstacles Poteaux en aluminium HDPE Options"},"content":{"rendered":"<div class=\"auto-hide-last-sibling-br paragraph-pP9ZLC paragraph-element br-paragraph-space\"><strong>Piquets en bois standard FEI : Piquets de saut d'obstacles \u00e9questres de premi\u00e8re qualit\u00e9 pour les comp\u00e9titions et l'entra\u00eenement d'\u00e9lite<\/strong><\/div>\n<div class=\"container-Uxvbjy md-box-line-break wrapper-GYqxgQ undefined\"><\/div>\n<div class=\"auto-hide-last-sibling-br paragraph-pP9ZLC paragraph-element br-paragraph-space\">Lorsqu'il s'agit de saut d'obstacles \u00e9questre, la pr\u00e9cision, la s\u00e9curit\u00e9 et la durabilit\u00e9 ne sont pas n\u00e9gociables.\u00a0<strong>Poteaux en bois aux normes FEI<\/strong>\u00a0livrent. En tant que fournisseur de confiance de Longines International Equestrian Events, nos piquets sont les m\u00eames que ceux utilis\u00e9s lors des comp\u00e9titions de premier plan dans le monde entier, et r\u00e9pondent aux crit\u00e8res mondiaux les plus stricts en mati\u00e8re de performance et de fiabilit\u00e9. Qu'il s'agisse d'\u00e9quiper une ar\u00e8ne professionnelle ou de moderniser votre centre d'entra\u00eenement, notre\u00a0<strong>Poteaux en bois aux normes FEI<\/strong>\u00a0est la r\u00e9f\u00e9rence en mati\u00e8re d'\u00e9quipement de saut d'obstacles pour l'\u00e9quitation.<\/div>\n<div class=\"container-Uxvbjy md-box-line-break wrapper-GYqxgQ undefined\"><\/div>\n<div class=\"auto-hide-last-sibling-br paragraph-pP9ZLC paragraph-element br-paragraph-space\">Fabriqu\u00e9 en bois massif de haute qualit\u00e9, notre\u00a0<strong>Poteaux en bois aux normes FEI<\/strong>\u00a0sont con\u00e7us pour r\u00e9sister aux rigueurs de la comp\u00e9tition d'\u00e9lite. Contrairement \u00e0 d'autres produits fragiles, ces piquets offrent un \u00e9quilibre entre r\u00e9sistance et flexibilit\u00e9 : ils absorbent les chocs du cheval et du cavalier sans se briser, tout en conservant l'int\u00e9grit\u00e9 structurelle n\u00e9cessaire pour des sauts r\u00e9guliers. Chaque poteau est ponc\u00e9, scell\u00e9 et fini selon les sp\u00e9cifications de la FEI, ce qui garantit une surface lisse et uniforme qui r\u00e9duit les accrochages sur les coupelles de saut et minimise l'usure au fil du temps. Pour les installations qui recherchent la polyvalence, nous proposons \u00e9galement des alternatives en PVC - l\u00e9g\u00e8res, r\u00e9sistantes aux intemp\u00e9ries et tout aussi conformes aux normes de la FEI - bien que nos poteaux en PVC soient plus l\u00e9gers et plus r\u00e9sistants que les poteaux en PVC.\u00a0<strong>Poteaux en bois aux normes FEI<\/strong>\u00a0reste le premier choix pour les cavaliers qui privil\u00e9gient la sensation traditionnelle et la durabilit\u00e9 du bois naturel.<\/div>\n<div class=\"container-Uxvbjy md-box-line-break wrapper-GYqxgQ undefined\"><\/div>\n<div class=\"auto-hide-last-sibling-br paragraph-pP9ZLC paragraph-element br-paragraph-space\">La conformit\u00e9 aux r\u00e8glements de la FEI n'est pas n\u00e9gociable pour l'utilisation en comp\u00e9tition, et notre\u00a0<strong>Poteaux en bois aux normes FEI<\/strong>\u00a0d\u00e9passent ces exigences. Chaque perche est mesur\u00e9e et inspect\u00e9e pour r\u00e9pondre aux directives strictes de la FEI en mati\u00e8re de diam\u00e8tre, de poids et de rectitude. Vous pouvez donc \u00eatre s\u00fbr que vos sauts seront jug\u00e9s \u00e9quitablement dans n'importe quel \u00e9v\u00e9nement sanctionn\u00e9. En tant que fournisseur de Longines Event, notre \u00e9quipement a \u00e9t\u00e9 test\u00e9 dans des environnements sous haute pression : de la vitesse et de l'intensit\u00e9 des classes de Grand Prix \u00e0 la pr\u00e9cision des comp\u00e9titions juniors, nos perches ont \u00e9t\u00e9 con\u00e7ues pour r\u00e9pondre aux besoins des cavaliers les plus exigeants.\u00a0<strong>Poteaux en bois aux normes FEI<\/strong>\u00a0Les piquets sont con\u00e7us pour offrir une performance impeccable, \u00e9v\u00e9nement apr\u00e8s \u00e9v\u00e9nement. Ce pedigree n'est pas un simple label, c'est la garantie que vos piquets r\u00e9pondront aux attentes des cavaliers, des entra\u00eeneurs et des officiels.<\/div>\n<div class=\"container-Uxvbjy md-box-line-break wrapper-GYqxgQ undefined\"><\/div>\n<div class=\"auto-hide-last-sibling-br paragraph-pP9ZLC paragraph-element br-paragraph-space\">Nous comprenons que les installations \u00e9questres ont des besoins uniques, c'est pourquoi notre\u00a0<strong>Poteaux en bois aux normes FEI<\/strong>\u00a0sont disponibles en deux longueurs populaires : 3m et 3,5m. Ces tailles s'adaptent aux configurations de saut standard, des verticales de base aux combinaisons complexes, et conviennent donc aussi bien \u00e0 l'entra\u00eenement qu'\u00e0 la comp\u00e9tition. Pour compl\u00e9ter l'esth\u00e9tique des ar\u00e8nes, nos poteaux sont disponibles dans une gamme vibrante de couleurs standard, notamment des rouges, des bleus et des jaunes audacieux qui am\u00e9liorent la visibilit\u00e9 des chevaux et des cavaliers. Pour les installations qui souhaitent marquer leur espace ou faire correspondre les couleurs de leur \u00e9quipe, nous proposons \u00e9galement une personnalisation compl\u00e8te des couleurs : choisissez des teintes unies, des motifs ray\u00e9s ou m\u00eame des emplacements de logo (sous r\u00e9serve des directives de comp\u00e9tition de la FEI) pour cr\u00e9er des poteaux qui se d\u00e9marquent tout en respectant les r\u00e9glementations en vigueur.<\/div>\n<div class=\"container-Uxvbjy md-box-line-break wrapper-GYqxgQ undefined\"><\/div>\n<div class=\"auto-hide-last-sibling-br paragraph-pP9ZLC paragraph-element br-paragraph-space\">La durabilit\u00e9 est au c\u0153ur de notre\u00a0<strong>Poteaux en bois aux normes FEI<\/strong>. La construction en bois massif r\u00e9siste au gauchissement, \u00e0 la fissuration et \u00e0 la d\u00e9coloration, m\u00eame lorsqu'elle est expos\u00e9e aux \u00e9l\u00e9ments ext\u00e9rieurs tels que le soleil, la pluie ou les temp\u00e9ratures extr\u00eames. Nos poteaux en PVC offrent une long\u00e9vit\u00e9 similaire, avec des rev\u00eatements r\u00e9sistants aux UV qui emp\u00eachent la d\u00e9coloration et un ext\u00e9rieur lisse facile \u00e0 nettoyer. Les deux mat\u00e9riaux ne n\u00e9cessitent qu'un entretien minimal : un nettoyage rapide entre les utilisations et un scellement occasionnel (pour les poteaux en bois) suffisent \u00e0 les maintenir dans un \u00e9tat pr\u00eat pour la comp\u00e9tition. Cette conception durable signifie moins de remplacements et des co\u00fbts \u00e0 long terme moins \u00e9lev\u00e9s - un investissement qui s'av\u00e8re rentable pour les centres d'entra\u00eenement occup\u00e9s et les \u00e9curies professionnelles.<\/div>\n<div class=\"container-Uxvbjy md-box-line-break wrapper-GYqxgQ undefined\"><\/div>\n<div class=\"auto-hide-last-sibling-br paragraph-pP9ZLC paragraph-element br-paragraph-space\">Ce qui d\u00e9termine notre\u00a0<strong>Poteaux en bois aux normes FEI<\/strong>\u00a0apart n'est pas seulement leur qualit\u00e9, c'est aussi la tranquillit\u00e9 d'esprit qu'ils procurent. Lorsque vous choisissez nos piquets, vous investissez dans un \u00e9quipement auquel les cavaliers de niveau olympique font confiance, qui est utilis\u00e9 dans les championnats du monde et qui est soutenu par un fournisseur ayant des dizaines d'ann\u00e9es d'exp\u00e9rience dans les sports \u00e9questres. Nous ne nous contentons pas de vendre des piquets, nous proposons des solutions qui am\u00e9liorent les performances, privil\u00e9gient la s\u00e9curit\u00e9 et s'alignent sur les normes les plus strictes du secteur.<\/div>\n<div class=\"container-Uxvbjy md-box-line-break wrapper-GYqxgQ undefined\"><\/div>\n<div class=\"auto-hide-last-sibling-br paragraph-pP9ZLC paragraph-element br-paragraph-space\">Que vous soyez un organisateur de concours ayant besoin d'un \u00e9quipement conforme aux normes de la FEI, un entra\u00eeneur souhaitant am\u00e9liorer son man\u00e8ge ou un cavalier \u00e0 la recherche de piquets d'une qualit\u00e9 \u00e9quivalente \u00e0 celle des concours professionnels, notre gamme de piquets de concours est faite pour vous.\u00a0<strong>Poteaux en bois aux normes FEI<\/strong>\u00a0sont le choix id\u00e9al. Associez-les \u00e0 nos alternatives en PVC pour une installation polyvalente, personnalisez-les en fonction de votre marque et faites confiance \u00e0 la durabilit\u00e9 qui a fait de nous un leader dans le domaine des fournitures de saut d'obstacles \u00e9questres. Avec des longueurs de 3 m et 3,5 m, la conformit\u00e9 aux normes de la FEI et l'h\u00e9ritage de Longines Event Supply, ces piquets ne sont pas seulement un \u00e9quipement, ils sont la pierre angulaire d'une performance \u00e9questre r\u00e9ussie.<\/div>\n<div class=\"container-Uxvbjy md-box-line-break wrapper-GYqxgQ undefined\"><\/div>\n<div class=\"auto-hide-last-sibling-br paragraph-pP9ZLC paragraph-element br-paragraph-space\">Pr\u00eat \u00e0 \u00e9lever votre ar\u00e8ne ? Notre\u00a0<strong>Poteaux en bois aux normes FEI<\/strong>\u00a0sont en stock et pr\u00eats \u00e0 \u00eatre exp\u00e9di\u00e9s, avec des options de personnalisation disponibles pour donner vie \u00e0 votre vision.<\/div>","protected":false},"excerpt":{"rendered":"<p>FEI Standard Wooden Poles: Premium Equestrian Jump Poles for Elite Competitions &amp; Training When it comes to equestrian show jumping, precision, safety, and durability are non-negotiable\u2014and that\u2019s exactly what our\u00a0FEI Standard Wooden Poles\u00a0deliver. As a trusted supplier to Longines International Equestrian Events, our poles are the same ones used in top-tier competitions worldwide, meeting the [&hellip;]<\/p>","protected":false},"featured_media":4281,"template":"","meta":{"site-sidebar-layout":"default","site-content-layout":"","ast-site-content-layout":"default","site-content-style":"default","site-sidebar-style":"default","ast-global-header-display":"","ast-banner-title-visibility":"","ast-main-header-display":"","ast-hfb-above-header-display":"","ast-hfb-below-header-display":"","ast-hfb-mobile-header-display":"","site-post-title":"","ast-breadcrumbs-content":"","ast-featured-img":"","footer-sml-layout":"","theme-transparent-header-meta":"default","adv-header-id-meta":"","stick-header-meta":"","header-above-stick-meta":"","header-main-stick-meta":"","header-below-stick-meta":"","astra-migrate-meta-layouts":"set","ast-page-background-enabled":"default","ast-page-background-meta":{"desktop":{"background-color":"","background-image":"","background-repeat":"repeat","background-position":"center center","background-size":"auto","background-attachment":"scroll","background-type":"","background-media":"","overlay-type":"","overlay-color":"","overlay-opacity":"","overlay-gradient":""},"tablet":{"background-color":"","background-image":"","background-repeat":"repeat","background-position":"center center","background-size":"auto","background-attachment":"scroll","background-type":"","background-media":"","overlay-type":"","overlay-color":"","overlay-opacity":"","overlay-gradient":""},"mobile":{"background-color":"","background-image":"","background-repeat":"repeat","background-position":"center center","background-size":"auto","background-attachment":"scroll","background-type":"","background-media":"","overlay-type":"","overlay-color":"","overlay-opacity":"","overlay-gradient":""}},"ast-content-background-meta":{"desktop":{"background-color":"var(--ast-global-color-5)","background-image":"","background-repeat":"repeat","background-position":"center center","background-size":"auto","background-attachment":"scroll","background-type":"","background-media":"","overlay-type":"","overlay-color":"","overlay-opacity":"","overlay-gradient":""},"tablet":{"background-color":"var(--ast-global-color-5)","background-image":"","background-repeat":"repeat","background-position":"center center","background-size":"auto","background-attachment":"scroll","background-type":"","background-media":"","overlay-type":"","overlay-color":"","overlay-opacity":"","overlay-gradient":""},"mobile":{"background-color":"var(--ast-global-color-5)","background-image":"","background-repeat":"repeat","background-position":"center center","background-size":"auto","background-attachment":"scroll","background-type":"","background-media":"","overlay-type":"","overlay-color":"","overlay-opacity":"","overlay-gradient":""}}},"product_brand":[],"product_cat":[80],"product_tag":[],"class_list":{"0":"post-2556","1":"product","2":"type-product","3":"status-publish","4":"has-post-thumbnail","6":"product_cat-show-jumps","7":"desktop-align-center","8":"tablet-align-left","9":"mobile-align-left","11":"first","12":"instock","13":"shipping-taxable","14":"product-type-external"},"_links":{"self":[{"href":"https:\/\/www.chinajumps.com\/fr\/wp-json\/wp\/v2\/product\/2556","targetHints":{"allow":["GET"]}}],"collection":[{"href":"https:\/\/www.chinajumps.com\/fr\/wp-json\/wp\/v2\/product"}],"about":[{"href":"https:\/\/www.chinajumps.com\/fr\/wp-json\/wp\/v2\/types\/product"}],"wp:featuredmedia":[{"embeddable":true,"href":"https:\/\/www.chinajumps.com\/fr\/wp-json\/wp\/v2\/media\/4281"}],"wp:attachment":[{"href":"https:\/\/www.chinajumps.com\/fr\/wp-json\/wp\/v2\/media?parent=2556"}],"wp:term":[{"taxonomy":"product_brand","embeddable":true,"href":"https:\/\/www.chinajumps.com\/fr\/wp-json\/wp\/v2\/product_brand?post=2556"},{"taxonomy":"product_cat","embeddable":true,"href":"https:\/\/www.chinajumps.com\/fr\/wp-json\/wp\/v2\/product_cat?post=2556"},{"taxonomy":"product_tag","embeddable":true,"href":"https:\/\/www.chinajumps.com\/fr\/wp-json\/wp\/v2\/product_tag?post=2556"}],"curies":[{"name":"wp","href":"https:\/\/api.w.org\/{rel}","templated":true}]}}