{"id":2529,"date":"2025-07-09T15:52:15","date_gmt":"2025-07-09T15:52:15","guid":{"rendered":"https:\/\/www.chinajumps.com\/product\/performance-wing-horse-show-jump-for-competitive-jumping-courses\/"},"modified":"2025-12-11T08:01:46","modified_gmt":"2025-12-11T08:01:46","slug":"show-jumps-obstacle-professional","status":"publish","type":"product","link":"https:\/\/www.chinajumps.com\/fr\/produit\/show-jumps-obstacle-professional\/","title":{"rendered":"Sauts d'obstacles Obstacle professionnel de saut d'obstacles en hauteur avec aile de papillon - Qualit\u00e9 comp\u00e9tition"},"content":{"rendered":"<div class=\"auto-hide-last-sibling-br paragraph-pP9ZLC paragraph-element br-paragraph-space\"><strong>Sauts d'obstacles : Cadre de saut d'obstacles en aluminium de premi\u00e8re qualit\u00e9 pour l'entra\u00eenement et la comp\u00e9tition<\/strong><\/div>\n<div class=\"container-Uxvbjy md-box-line-break wrapper-GYqxgQ undefined\"><\/div>\n<div class=\"auto-hide-last-sibling-br paragraph-pP9ZLC paragraph-element br-paragraph-space\">Lorsqu'il s'agit de saut d'obstacles \u00e9questre, le bon \u00e9quipement transforme les performances.\u00a0<strong>Sauts d'obstacles<\/strong>\u00a0sont con\u00e7us pour faire exactement cela. Fabriqu\u00e9s en aluminium durable, ces cadres de saut polyvalents offrent un \u00e9quilibre entre force, l\u00e9g\u00e8ret\u00e9 et style, ce qui les rend id\u00e9aux pour les s\u00e9ances d'entra\u00eenement quotidiennes et les comp\u00e9titions de haut niveau. Qu'il s'agisse d'\u00e9quiper une ar\u00e8ne professionnelle ou de moderniser une \u00e9curie locale, nos cadres de saut d'obstacles sont parfaits.\u00a0<strong>Sauts d'obstacles<\/strong>\u00a0\u00e9tablissent la norme en mati\u00e8re de fiabilit\u00e9, de personnalisation et d'attrait visuel.<\/div>\n<div class=\"container-Uxvbjy md-box-line-break wrapper-GYqxgQ undefined\"><\/div>\n<div class=\"auto-hide-last-sibling-br paragraph-pP9ZLC paragraph-element br-paragraph-space\">Au c\u0153ur de notre\u00a0<strong>Sauts d'obstacles<\/strong>\u00a0est une construction en aluminium de premi\u00e8re qualit\u00e9, un mat\u00e9riau choisi pour sa combinaison imbattable de durabilit\u00e9 et de portabilit\u00e9. Contrairement \u00e0 l'acier lourd, l'aluminium\u00a0<strong>Sauts d'obstacles<\/strong>\u00a0sont faciles \u00e0 d\u00e9placer et \u00e0 reconfigurer, m\u00eame pour les entra\u00eeneurs solitaires, tout en r\u00e9sistant \u00e0 la rouille, au gauchissement et \u00e0 l'usure des \u00e9l\u00e9ments ext\u00e9rieurs. Chaque cadre est con\u00e7u pour r\u00e9sister aux chocs r\u00e9p\u00e9t\u00e9s des chevaux et des cavaliers et conserver son int\u00e9grit\u00e9 structurelle pendant des ann\u00e9es, que ce soit sous la pluie, au soleil ou \u00e0 des temp\u00e9ratures extr\u00eames. Cette conception durable permet de r\u00e9duire le nombre de remplacements et les co\u00fbts d'entretien, ce qui fait de nos chevaux de sport des produits de qualit\u00e9.\u00a0<strong>Sauts d'obstacles<\/strong>\u00a0un investissement judicieux pour toute installation \u00e9questre.<\/div>\n<div class=\"container-Uxvbjy md-box-line-break wrapper-GYqxgQ undefined\"><\/div>\n<div class=\"auto-hide-last-sibling-br paragraph-pP9ZLC paragraph-element br-paragraph-space\">C'est ce qui fait la force de notre\u00a0<strong>Sauts d'obstacles<\/strong>\u00a0est leur polyvalence in\u00e9gal\u00e9e. Nous proposons une large gamme de styles pr\u00e9con\u00e7us pour r\u00e9pondre \u00e0 toutes les esth\u00e9tiques : des montures ludiques sur le th\u00e8me des animaux (comme nos mod\u00e8les \u00e0 dauphins et \u00e0 papillons) aux options \u00e9l\u00e9gantes et modernes (comme les mod\u00e8les \u00e0 rayures ou \u00e0 motifs floraux). Chaque style est disponible dans des couleurs vives et attrayantes qui am\u00e9liorent la visibilit\u00e9 des chevaux et des cavaliers, r\u00e9duisant ainsi le risque de sauts mal \u00e9valu\u00e9s. Pour les \u00e9tablissements \u00e0 la recherche d'un look coh\u00e9rent ou pour les marques qui souhaitent se d\u00e9marquer, nous proposons \u00e9galement une personnalisation compl\u00e8te de nos\u00a0<strong>Sauts d'obstacles<\/strong>Le choix de la couleur, de l'emplacement du logo ou m\u00eame de motifs th\u00e9matiques uniques (par exemple, des motifs sp\u00e9cifiques \u00e0 un \u00e9v\u00e9nement) permet de cr\u00e9er des montures qui refl\u00e8tent votre vision. Que vous pr\u00e9f\u00e9riez les styles audacieux et fantaisistes ou les finitions discr\u00e8tes et professionnelles, notre\u00a0<strong>Sauts d'obstacles<\/strong>\u00a0peut \u00eatre adapt\u00e9e \u00e0 vos besoins.<\/div>\n<div class=\"container-Uxvbjy md-box-line-break wrapper-GYqxgQ undefined\"><\/div>\n<div class=\"auto-hide-last-sibling-br paragraph-pP9ZLC paragraph-element br-paragraph-space\">Notre\u00a0<strong>Sauts d'obstacles<\/strong>\u00a0sont con\u00e7us pour fonctionner dans n'importe quel contexte. Pour l'entra\u00eenement quotidien, leur l\u00e9g\u00e8ret\u00e9 permet d'installer rapidement des verticales, des oxers ou des combinaisons complexes, ce qui est parfait pour affiner la technique d'un cheval ou donner confiance \u00e0 de jeunes cavaliers. Pour la comp\u00e9tition, ils r\u00e9pondent aux normes de s\u00e9curit\u00e9 et de stabilit\u00e9 attendues dans les \u00e9preuves homologu\u00e9es, avec des bases robustes qui emp\u00eachent le basculement et des surfaces lisses qui minimisent les accrochages sur les barres de saut. Associez-les \u00e0 nos barres conformes \u00e0 la FEI (en bois ou en PVC) pour obtenir une installation compl\u00e8te, pr\u00eate pour la comp\u00e9tition.\u00a0<strong>Sauts d'obstacles<\/strong>\u00a0r\u00e9sistera \u00e0 l'intensit\u00e9 de la journ\u00e9e d'exposition.<\/div>\n<div class=\"container-Uxvbjy md-box-line-break wrapper-GYqxgQ undefined\"><\/div>\n<div class=\"auto-hide-last-sibling-br paragraph-pP9ZLC paragraph-element br-paragraph-space\">La durabilit\u00e9 et la qualit\u00e9 ne sont pas n\u00e9gociables pour nos clients.\u00a0<strong>Sauts d'obstacles<\/strong>. Chaque cadre est soumis \u00e0 des tests rigoureux pour s'assurer qu'il r\u00e9pond \u00e0 nos normes \u00e9lev\u00e9es : nous v\u00e9rifions la stabilit\u00e9 structurelle, l'int\u00e9grit\u00e9 de la finition et la r\u00e9partition du poids pour garantir des performances constantes. Les cadres en aluminium sont trait\u00e9s avec un rev\u00eatement r\u00e9sistant aux UV pour \u00e9viter la d\u00e9coloration, tandis que tous les composants (y compris la quincaillerie et les \u00e9l\u00e9ments d\u00e9coratifs) sont s\u00e9curis\u00e9s pour r\u00e9sister \u00e0 une manipulation fr\u00e9quente. Cette attention port\u00e9e aux d\u00e9tails signifie que nos\u00a0<strong>Sauts d'obstacles<\/strong>\u00a0sont aussi beaux que performants, m\u00eame apr\u00e8s des ann\u00e9es d'utilisation r\u00e9guli\u00e8re.<\/div>\n<div class=\"container-Uxvbjy md-box-line-break wrapper-GYqxgQ undefined\"><\/div>\n<div class=\"auto-hide-last-sibling-br paragraph-pP9ZLC paragraph-element br-paragraph-space\">En tant que fournisseur de premier plan d'\u00e9quipements \u00e9questres, nous comprenons que chaque \u00e9tablissement a des besoins uniques.\u00a0<strong>Sauts d'obstacles<\/strong>\u00a0sont con\u00e7us pour s'adapter. Les petites \u00e9curies peuvent commencer avec quelques montures de base et agrandir leur collection au fil du temps, tandis que les grandes ar\u00e8nes peuvent \u00e9quiper des parcours entiers avec des montures coordonn\u00e9es et con\u00e7ues sur mesure.\u00a0<strong>Sauts d'obstacles<\/strong>. Notre \u00e9quipe travaille en \u00e9troite collaboration avec nos clients pour concr\u00e9tiser leurs id\u00e9es : qu'il s'agisse d'une couleur sp\u00e9cifique pour l'image de marque de votre \u00e9quipe ou d'un design unique pour un \u00e9v\u00e9nement sp\u00e9cial, nous donnons vie \u00e0 votre vision sans faire de compromis sur la qualit\u00e9 ou la fonctionnalit\u00e9.<\/div>\n<div class=\"container-Uxvbjy md-box-line-break wrapper-GYqxgQ undefined\"><\/div>\n<div class=\"auto-hide-last-sibling-br paragraph-pP9ZLC paragraph-element br-paragraph-space\">Qu'il s'agisse d'installations d'entra\u00eenement ludiques ou de cours de comp\u00e9tition professionnels, nos\u00a0<strong>Sauts d'obstacles<\/strong>\u00a0sont le choix id\u00e9al pour les cavaliers qui exigent ce qu'il y a de mieux. Avec une construction en aluminium pour la durabilit\u00e9, des options de personnalisation infinies et des styles qui allient forme et fonction, ces montures ne sont pas seulement un \u00e9quipement - elles sont un moyen d'\u00e9lever votre ar\u00e8ne et d'inspirer de meilleures performances.<\/div>\n<div class=\"container-Uxvbjy md-box-line-break wrapper-GYqxgQ undefined\"><\/div>\n<div class=\"auto-hide-last-sibling-br paragraph-pP9ZLC paragraph-element br-paragraph-space\">Pr\u00eat \u00e0 transformer votre espace de saut ? Notre\u00a0<strong>Sauts d'obstacles<\/strong>\u00a0sont en stock et pr\u00eats \u00e0 \u00eatre exp\u00e9di\u00e9s, et des mod\u00e8les personnalis\u00e9s sont disponibles pour faire de votre ar\u00e8ne une pi\u00e8ce unique.<\/div>","protected":false},"excerpt":{"rendered":"<p>Show Jumps: Premium Aluminum Equestrian Jump Frames for Training &amp; Competition When it comes to equestrian show jumping, the right equipment transforms performance\u2014and our\u00a0Show Jumps\u00a0are designed to do exactly that. Crafted from durable aluminum, these versatile jump frames balance strength, lightness, and style, making them ideal for both daily training sessions and high-stakes competitions. Whether [&hellip;]<\/p>","protected":false},"featured_media":4283,"template":"","meta":{"site-sidebar-layout":"default","site-content-layout":"","ast-site-content-layout":"default","site-content-style":"default","site-sidebar-style":"default","ast-global-header-display":"","ast-banner-title-visibility":"","ast-main-header-display":"","ast-hfb-above-header-display":"","ast-hfb-below-header-display":"","ast-hfb-mobile-header-display":"","site-post-title":"","ast-breadcrumbs-content":"","ast-featured-img":"","footer-sml-layout":"","theme-transparent-header-meta":"default","adv-header-id-meta":"","stick-header-meta":"","header-above-stick-meta":"","header-main-stick-meta":"","header-below-stick-meta":"","astra-migrate-meta-layouts":"set","ast-page-background-enabled":"default","ast-page-background-meta":{"desktop":{"background-color":"","background-image":"","background-repeat":"repeat","background-position":"center center","background-size":"auto","background-attachment":"scroll","background-type":"","background-media":"","overlay-type":"","overlay-color":"","overlay-opacity":"","overlay-gradient":""},"tablet":{"background-color":"","background-image":"","background-repeat":"repeat","background-position":"center center","background-size":"auto","background-attachment":"scroll","background-type":"","background-media":"","overlay-type":"","overlay-color":"","overlay-opacity":"","overlay-gradient":""},"mobile":{"background-color":"","background-image":"","background-repeat":"repeat","background-position":"center center","background-size":"auto","background-attachment":"scroll","background-type":"","background-media":"","overlay-type":"","overlay-color":"","overlay-opacity":"","overlay-gradient":""}},"ast-content-background-meta":{"desktop":{"background-color":"var(--ast-global-color-5)","background-image":"","background-repeat":"repeat","background-position":"center center","background-size":"auto","background-attachment":"scroll","background-type":"","background-media":"","overlay-type":"","overlay-color":"","overlay-opacity":"","overlay-gradient":""},"tablet":{"background-color":"var(--ast-global-color-5)","background-image":"","background-repeat":"repeat","background-position":"center center","background-size":"auto","background-attachment":"scroll","background-type":"","background-media":"","overlay-type":"","overlay-color":"","overlay-opacity":"","overlay-gradient":""},"mobile":{"background-color":"var(--ast-global-color-5)","background-image":"","background-repeat":"repeat","background-position":"center center","background-size":"auto","background-attachment":"scroll","background-type":"","background-media":"","overlay-type":"","overlay-color":"","overlay-opacity":"","overlay-gradient":""}}},"product_brand":[],"product_cat":[80],"product_tag":[],"class_list":{"0":"post-2529","1":"product","2":"type-product","3":"status-publish","4":"has-post-thumbnail","6":"product_cat-show-jumps","7":"desktop-align-center","8":"tablet-align-left","9":"mobile-align-left","11":"first","12":"instock","13":"shipping-taxable","14":"product-type-external"},"_links":{"self":[{"href":"https:\/\/www.chinajumps.com\/fr\/wp-json\/wp\/v2\/product\/2529","targetHints":{"allow":["GET"]}}],"collection":[{"href":"https:\/\/www.chinajumps.com\/fr\/wp-json\/wp\/v2\/product"}],"about":[{"href":"https:\/\/www.chinajumps.com\/fr\/wp-json\/wp\/v2\/types\/product"}],"wp:featuredmedia":[{"embeddable":true,"href":"https:\/\/www.chinajumps.com\/fr\/wp-json\/wp\/v2\/media\/4283"}],"wp:attachment":[{"href":"https:\/\/www.chinajumps.com\/fr\/wp-json\/wp\/v2\/media?parent=2529"}],"wp:term":[{"taxonomy":"product_brand","embeddable":true,"href":"https:\/\/www.chinajumps.com\/fr\/wp-json\/wp\/v2\/product_brand?post=2529"},{"taxonomy":"product_cat","embeddable":true,"href":"https:\/\/www.chinajumps.com\/fr\/wp-json\/wp\/v2\/product_cat?post=2529"},{"taxonomy":"product_tag","embeddable":true,"href":"https:\/\/www.chinajumps.com\/fr\/wp-json\/wp\/v2\/product_tag?post=2529"}],"curies":[{"name":"wp","href":"https:\/\/api.w.org\/{rel}","templated":true}]}}