{"id":2522,"date":"2025-07-09T15:51:52","date_gmt":"2025-07-09T15:51:52","guid":{"rendered":"https:\/\/www.chinajumps.com\/product\/aluminum-horse-jump-wings-professional-show-jumping-equipment\/"},"modified":"2025-07-09T19:29:02","modified_gmt":"2025-07-09T19:29:02","slug":"aluminum-horse-jump-wings-professional-show-jumping-equipment","status":"publish","type":"product","link":"https:\/\/www.chinajumps.com\/fr\/produit\/aluminum-horse-jump-wings-professional-show-jumping-equipment\/","title":{"rendered":"Ailes de saut d'obstacles en aluminium Equipement de saut d'obstacles professionnel"},"content":{"rendered":"<p><strong>\u00c9quipement d'\u00e9quitation durable et personnalisable con\u00e7u pour la performance et le style.<\/strong><\/p>\n<p>Fabriqu\u00e9 avec pr\u00e9cision \u00e0 Zhejiang, en Chine, ce produit de la marque r\u00e9put\u00e9e Reeds offre une durabilit\u00e9 fiable aux amateurs d'\u00e9quitation. Sa construction robuste lui permet de r\u00e9sister aux exigences des activit\u00e9s \u00e9questres.<\/p>\n<p>Disponible dans une vari\u00e9t\u00e9 de couleurs pour r\u00e9pondre \u00e0 vos pr\u00e9f\u00e9rences personnelles, ce mod\u00e8le d'\u00e9quipement d'\u00e9quitation PO01 peut \u00eatre personnalis\u00e9 avec votre propre logo pour une touche professionnelle et personnalis\u00e9e.<\/p>\n<p><strong>Caract\u00e9ristiques principales :<\/strong><\/p>\n<p>Mat\u00e9riaux durables con\u00e7us pour une utilisation \u00e0 long terme en milieu \u00e9questre.<\/p>\n<p>Plusieurs options de couleurs sont disponibles pour s'adapter \u00e0 votre style et \u00e0 vos besoins.<\/p>\n<p>Service de logo personnalis\u00e9 pour renforcer l'identit\u00e9 de la marque ou la personnalisation.<\/p>\n<p>Con\u00e7us sp\u00e9cifiquement pour l'\u00e9quitation, ils offrent des performances et un confort optimaux.<\/p>\n<p>Produit par Reeds, un nom de confiance dans la fabrication d'\u00e9quipements d'\u00e9quitation.<\/p>","protected":false},"excerpt":{"rendered":"<p>Durable and customizable horse riding equipment designed for performance and style. Crafted with precision in Zhejiang, China, this product from the reputable brand Reeds offers reliable durability for equestrian enthusiasts. Its robust construction ensures it withstands the demands of horse riding activities. Available in a variety of colors to suit your personal preference, this model [&hellip;]<\/p>","protected":false},"featured_media":2521,"template":"","meta":{"site-sidebar-layout":"default","site-content-layout":"","ast-site-content-layout":"","site-content-style":"default","site-sidebar-style":"default","ast-global-header-display":"","ast-banner-title-visibility":"","ast-main-header-display":"","ast-hfb-above-header-display":"","ast-hfb-below-header-display":"","ast-hfb-mobile-header-display":"","site-post-title":"","ast-breadcrumbs-content":"","ast-featured-img":"","footer-sml-layout":"","theme-transparent-header-meta":"","adv-header-id-meta":"","stick-header-meta":"","header-above-stick-meta":"","header-main-stick-meta":"","header-below-stick-meta":"","astra-migrate-meta-layouts":"default","ast-page-background-enabled":"default","ast-page-background-meta":{"desktop":{"background-color":"","background-image":"","background-repeat":"repeat","background-position":"center center","background-size":"auto","background-attachment":"scroll","background-type":"","background-media":"","overlay-type":"","overlay-color":"","overlay-opacity":"","overlay-gradient":""},"tablet":{"background-color":"","background-image":"","background-repeat":"repeat","background-position":"center center","background-size":"auto","background-attachment":"scroll","background-type":"","background-media":"","overlay-type":"","overlay-color":"","overlay-opacity":"","overlay-gradient":""},"mobile":{"background-color":"","background-image":"","background-repeat":"repeat","background-position":"center center","background-size":"auto","background-attachment":"scroll","background-type":"","background-media":"","overlay-type":"","overlay-color":"","overlay-opacity":"","overlay-gradient":""}},"ast-content-background-meta":{"desktop":{"background-color":"var(--ast-global-color-5)","background-image":"","background-repeat":"repeat","background-position":"center center","background-size":"auto","background-attachment":"scroll","background-type":"","background-media":"","overlay-type":"","overlay-color":"","overlay-opacity":"","overlay-gradient":""},"tablet":{"background-color":"var(--ast-global-color-5)","background-image":"","background-repeat":"repeat","background-position":"center center","background-size":"auto","background-attachment":"scroll","background-type":"","background-media":"","overlay-type":"","overlay-color":"","overlay-opacity":"","overlay-gradient":""},"mobile":{"background-color":"var(--ast-global-color-5)","background-image":"","background-repeat":"repeat","background-position":"center center","background-size":"auto","background-attachment":"scroll","background-type":"","background-media":"","overlay-type":"","overlay-color":"","overlay-opacity":"","overlay-gradient":""}}},"product_brand":[],"product_cat":[80],"product_tag":[],"class_list":{"0":"post-2522","1":"product","2":"type-product","3":"status-publish","4":"has-post-thumbnail","6":"product_cat-show-jumps","7":"desktop-align-center","8":"tablet-align-left","9":"mobile-align-left","11":"first","12":"instock","13":"shipping-taxable","14":"product-type-external"},"_links":{"self":[{"href":"https:\/\/www.chinajumps.com\/fr\/wp-json\/wp\/v2\/product\/2522","targetHints":{"allow":["GET"]}}],"collection":[{"href":"https:\/\/www.chinajumps.com\/fr\/wp-json\/wp\/v2\/product"}],"about":[{"href":"https:\/\/www.chinajumps.com\/fr\/wp-json\/wp\/v2\/types\/product"}],"wp:featuredmedia":[{"embeddable":true,"href":"https:\/\/www.chinajumps.com\/fr\/wp-json\/wp\/v2\/media\/2521"}],"wp:attachment":[{"href":"https:\/\/www.chinajumps.com\/fr\/wp-json\/wp\/v2\/media?parent=2522"}],"wp:term":[{"taxonomy":"product_brand","embeddable":true,"href":"https:\/\/www.chinajumps.com\/fr\/wp-json\/wp\/v2\/product_brand?post=2522"},{"taxonomy":"product_cat","embeddable":true,"href":"https:\/\/www.chinajumps.com\/fr\/wp-json\/wp\/v2\/product_cat?post=2522"},{"taxonomy":"product_tag","embeddable":true,"href":"https:\/\/www.chinajumps.com\/fr\/wp-json\/wp\/v2\/product_tag?post=2522"}],"curies":[{"name":"wp","href":"https:\/\/api.w.org\/{rel}","templated":true}]}}