{"id":2514,"date":"2025-07-09T15:49:50","date_gmt":"2025-07-09T15:49:50","guid":{"rendered":"https:\/\/www.chinajumps.com\/product\/professional-horse-show-jumps-equestrian-competition-hurdles-and-obstacles\/"},"modified":"2025-07-09T19:29:02","modified_gmt":"2025-07-09T19:29:02","slug":"professional-horse-show-jumps-equestrian-competition-hurdles-and-obstacles","status":"publish","type":"product","link":"https:\/\/www.chinajumps.com\/fr\/produit\/professional-horse-show-jumps-equestrian-competition-hurdles-and-obstacles\/","title":{"rendered":"Concours hippique professionnel Sauts d'obstacles Concours hippique haies et obstacles"},"content":{"rendered":"<p><strong>Faites l'exp\u00e9rience d'une durabilit\u00e9 et d'un confort in\u00e9gal\u00e9s avec notre culotte d'\u00e9quitation haut de gamme.<\/strong><\/p>\n<p>Fabriqu\u00e9e en polyester de haute qualit\u00e9, cette culotte est con\u00e7ue pour r\u00e9sister aux rigueurs de l'\u00e9quitation tout en offrant un ajustement sur mesure gr\u00e2ce \u00e0 une taille personnalisable. Que vous vous entra\u00eeniez ou que vous participiez \u00e0 des comp\u00e9titions, faites confiance \u00e0 un produit con\u00e7u pour \u00eatre performant.<\/p>\n<p>La construction durable garantit une longue dur\u00e9e de vie, m\u00eame dans des conditions difficiles.<\/p>\n<p>Les tailles personnalisables offrent un ajustement parfait pour chaque cavalier.<\/p>\n<p>Disponible dans une vari\u00e9t\u00e9 de couleurs pour s'adapter \u00e0 votre style et \u00e0 vos pr\u00e9f\u00e9rences.<\/p>\n<p>Fabriqu\u00e9 en polyester de premi\u00e8re qualit\u00e9 pour une meilleure respirabilit\u00e9 et une plus grande souplesse pendant les randonn\u00e9es.<\/p>\n<p>Con\u00e7u sp\u00e9cifiquement pour l'\u00e9quitation afin d'am\u00e9liorer le confort et la mobilit\u00e9.<\/p><\/p>","protected":false},"excerpt":{"rendered":"<p>Experience unmatched durability and comfort with our premium Horse Riding Breeches. Crafted from high-quality polyester, these breeches are designed to withstand the rigors of riding while providing a tailored fit through customizable sizing. Whether you&#8217;re training or competing, trust in a product built to perform. Durable construction ensures long-lasting wear even under demanding conditions. Customizable [&hellip;]<\/p>","protected":false},"featured_media":2516,"template":"","meta":{"site-sidebar-layout":"default","site-content-layout":"","ast-site-content-layout":"","site-content-style":"default","site-sidebar-style":"default","ast-global-header-display":"","ast-banner-title-visibility":"","ast-main-header-display":"","ast-hfb-above-header-display":"","ast-hfb-below-header-display":"","ast-hfb-mobile-header-display":"","site-post-title":"","ast-breadcrumbs-content":"","ast-featured-img":"","footer-sml-layout":"","theme-transparent-header-meta":"","adv-header-id-meta":"","stick-header-meta":"","header-above-stick-meta":"","header-main-stick-meta":"","header-below-stick-meta":"","astra-migrate-meta-layouts":"default","ast-page-background-enabled":"default","ast-page-background-meta":{"desktop":{"background-color":"","background-image":"","background-repeat":"repeat","background-position":"center center","background-size":"auto","background-attachment":"scroll","background-type":"","background-media":"","overlay-type":"","overlay-color":"","overlay-opacity":"","overlay-gradient":""},"tablet":{"background-color":"","background-image":"","background-repeat":"repeat","background-position":"center center","background-size":"auto","background-attachment":"scroll","background-type":"","background-media":"","overlay-type":"","overlay-color":"","overlay-opacity":"","overlay-gradient":""},"mobile":{"background-color":"","background-image":"","background-repeat":"repeat","background-position":"center center","background-size":"auto","background-attachment":"scroll","background-type":"","background-media":"","overlay-type":"","overlay-color":"","overlay-opacity":"","overlay-gradient":""}},"ast-content-background-meta":{"desktop":{"background-color":"var(--ast-global-color-5)","background-image":"","background-repeat":"repeat","background-position":"center center","background-size":"auto","background-attachment":"scroll","background-type":"","background-media":"","overlay-type":"","overlay-color":"","overlay-opacity":"","overlay-gradient":""},"tablet":{"background-color":"var(--ast-global-color-5)","background-image":"","background-repeat":"repeat","background-position":"center center","background-size":"auto","background-attachment":"scroll","background-type":"","background-media":"","overlay-type":"","overlay-color":"","overlay-opacity":"","overlay-gradient":""},"mobile":{"background-color":"var(--ast-global-color-5)","background-image":"","background-repeat":"repeat","background-position":"center center","background-size":"auto","background-attachment":"scroll","background-type":"","background-media":"","overlay-type":"","overlay-color":"","overlay-opacity":"","overlay-gradient":""}}},"product_brand":[],"product_cat":[80],"product_tag":[],"class_list":{"0":"post-2514","1":"product","2":"type-product","3":"status-publish","4":"has-post-thumbnail","6":"product_cat-show-jumps","7":"desktop-align-center","8":"tablet-align-left","9":"mobile-align-left","11":"first","12":"instock","13":"shipping-taxable","14":"product-type-external"},"_links":{"self":[{"href":"https:\/\/www.chinajumps.com\/fr\/wp-json\/wp\/v2\/product\/2514","targetHints":{"allow":["GET"]}}],"collection":[{"href":"https:\/\/www.chinajumps.com\/fr\/wp-json\/wp\/v2\/product"}],"about":[{"href":"https:\/\/www.chinajumps.com\/fr\/wp-json\/wp\/v2\/types\/product"}],"wp:featuredmedia":[{"embeddable":true,"href":"https:\/\/www.chinajumps.com\/fr\/wp-json\/wp\/v2\/media\/2516"}],"wp:attachment":[{"href":"https:\/\/www.chinajumps.com\/fr\/wp-json\/wp\/v2\/media?parent=2514"}],"wp:term":[{"taxonomy":"product_brand","embeddable":true,"href":"https:\/\/www.chinajumps.com\/fr\/wp-json\/wp\/v2\/product_brand?post=2514"},{"taxonomy":"product_cat","embeddable":true,"href":"https:\/\/www.chinajumps.com\/fr\/wp-json\/wp\/v2\/product_cat?post=2514"},{"taxonomy":"product_tag","embeddable":true,"href":"https:\/\/www.chinajumps.com\/fr\/wp-json\/wp\/v2\/product_tag?post=2514"}],"curies":[{"name":"wp","href":"https:\/\/api.w.org\/{rel}","templated":true}]}}