{"id":2501,"date":"2025-07-09T15:48:45","date_gmt":"2025-07-09T15:48:45","guid":{"rendered":"https:\/\/www.chinajumps.com\/product\/easy-moving-equine-show-jump-wings-durable-horse-activity-equipment\/"},"modified":"2025-07-09T19:29:02","modified_gmt":"2025-07-09T19:29:02","slug":"easy-moving-equine-show-jump-wings-durable-horse-activity-equipment","status":"publish","type":"product","link":"https:\/\/www.chinajumps.com\/fr\/produit\/easy-moving-equine-show-jump-wings-durable-horse-activity-equipment\/","title":{"rendered":"Ailes de saut d'obstacles \u00e9quins faciles \u00e0 d\u00e9placer \u00c9quipement d'activit\u00e9 \u00e9questre durable"},"content":{"rendered":"<p><strong>Faites l'exp\u00e9rience d'une performance et d'un style in\u00e9gal\u00e9s avec notre culotte d'\u00e9quitation haut de gamme.<\/strong><\/p>\n<p>Con\u00e7ue pour les passionn\u00e9s d'\u00e9quitation, cette culotte associe des mat\u00e9riaux durables \u00e0 une coupe ajust\u00e9e pour am\u00e9liorer le confort et la mobilit\u00e9 lors de chaque promenade. Con\u00e7ue pour r\u00e9pondre aux exigences de l'\u00e9quitation, elle offre \u00e0 la fois fonctionnalit\u00e9 et \u00e9l\u00e9gance.<\/p>\n<p>Originaires du Zhejiang, en Chine, nos culottes t\u00e9moignent d'un savoir-faire de qualit\u00e9 et d'un souci du d\u00e9tail.<\/p>\n<p><strong>Options personnalisables<\/strong> vous permettent de choisir parmi une vari\u00e9t\u00e9 de couleurs et d'ajouter votre logo personnalis\u00e9 pour un look unique.<\/p>\n<p><strong>Optimis\u00e9 pour l'usage \u00e9questre<\/strong>La culotte de cheval offre une excellente flexibilit\u00e9 et un bon maintien.<\/p>\n<p><strong>Construction durable<\/strong> garantit une longue dur\u00e9e de vie, m\u00eame dans des conditions rigoureuses.<\/p>\n<p><strong>Coupe ajust\u00e9e<\/strong> am\u00e9liore le confort et la libert\u00e9 de mouvement du cavalier.<\/p>\n<p><strong>Choix de couleurs polyvalent<\/strong> pour s'adapter \u00e0 votre style et \u00e0 vos pr\u00e9f\u00e9rences.<\/p>","protected":false},"excerpt":{"rendered":"<p>Experience unmatched performance and style with our premium Horse Riding Breeches. Designed for serious equestrians, these breeches combine durable materials with a tailored fit to enhance comfort and mobility during every ride. Crafted to meet the demands of horse riding, they offer both functionality and a sleek appearance. Originating from Zhejiang, China, our breeches reflect [&hellip;]<\/p>","protected":false},"featured_media":2500,"template":"","meta":{"site-sidebar-layout":"default","site-content-layout":"","ast-site-content-layout":"default","site-content-style":"default","site-sidebar-style":"default","ast-global-header-display":"","ast-banner-title-visibility":"","ast-main-header-display":"","ast-hfb-above-header-display":"","ast-hfb-below-header-display":"","ast-hfb-mobile-header-display":"","site-post-title":"","ast-breadcrumbs-content":"","ast-featured-img":"","footer-sml-layout":"","theme-transparent-header-meta":"default","adv-header-id-meta":"","stick-header-meta":"","header-above-stick-meta":"","header-main-stick-meta":"","header-below-stick-meta":"","astra-migrate-meta-layouts":"set","ast-page-background-enabled":"default","ast-page-background-meta":{"desktop":{"background-color":"","background-image":"","background-repeat":"repeat","background-position":"center center","background-size":"auto","background-attachment":"scroll","background-type":"","background-media":"","overlay-type":"","overlay-color":"","overlay-opacity":"","overlay-gradient":""},"tablet":{"background-color":"","background-image":"","background-repeat":"repeat","background-position":"center center","background-size":"auto","background-attachment":"scroll","background-type":"","background-media":"","overlay-type":"","overlay-color":"","overlay-opacity":"","overlay-gradient":""},"mobile":{"background-color":"","background-image":"","background-repeat":"repeat","background-position":"center center","background-size":"auto","background-attachment":"scroll","background-type":"","background-media":"","overlay-type":"","overlay-color":"","overlay-opacity":"","overlay-gradient":""}},"ast-content-background-meta":{"desktop":{"background-color":"var(--ast-global-color-5)","background-image":"","background-repeat":"repeat","background-position":"center center","background-size":"auto","background-attachment":"scroll","background-type":"","background-media":"","overlay-type":"","overlay-color":"","overlay-opacity":"","overlay-gradient":""},"tablet":{"background-color":"var(--ast-global-color-5)","background-image":"","background-repeat":"repeat","background-position":"center center","background-size":"auto","background-attachment":"scroll","background-type":"","background-media":"","overlay-type":"","overlay-color":"","overlay-opacity":"","overlay-gradient":""},"mobile":{"background-color":"var(--ast-global-color-5)","background-image":"","background-repeat":"repeat","background-position":"center center","background-size":"auto","background-attachment":"scroll","background-type":"","background-media":"","overlay-type":"","overlay-color":"","overlay-opacity":"","overlay-gradient":""}}},"product_brand":[],"product_cat":[80],"product_tag":[],"class_list":{"0":"post-2501","1":"product","2":"type-product","3":"status-publish","4":"has-post-thumbnail","6":"product_cat-show-jumps","7":"desktop-align-center","8":"tablet-align-left","9":"mobile-align-left","11":"first","12":"instock","13":"shipping-taxable","14":"product-type-external"},"_links":{"self":[{"href":"https:\/\/www.chinajumps.com\/fr\/wp-json\/wp\/v2\/product\/2501","targetHints":{"allow":["GET"]}}],"collection":[{"href":"https:\/\/www.chinajumps.com\/fr\/wp-json\/wp\/v2\/product"}],"about":[{"href":"https:\/\/www.chinajumps.com\/fr\/wp-json\/wp\/v2\/types\/product"}],"wp:featuredmedia":[{"embeddable":true,"href":"https:\/\/www.chinajumps.com\/fr\/wp-json\/wp\/v2\/media\/2500"}],"wp:attachment":[{"href":"https:\/\/www.chinajumps.com\/fr\/wp-json\/wp\/v2\/media?parent=2501"}],"wp:term":[{"taxonomy":"product_brand","embeddable":true,"href":"https:\/\/www.chinajumps.com\/fr\/wp-json\/wp\/v2\/product_brand?post=2501"},{"taxonomy":"product_cat","embeddable":true,"href":"https:\/\/www.chinajumps.com\/fr\/wp-json\/wp\/v2\/product_cat?post=2501"},{"taxonomy":"product_tag","embeddable":true,"href":"https:\/\/www.chinajumps.com\/fr\/wp-json\/wp\/v2\/product_tag?post=2501"}],"curies":[{"name":"wp","href":"https:\/\/api.w.org\/{rel}","templated":true}]}}