{"id":2472,"date":"2025-07-09T15:42:28","date_gmt":"2025-07-09T15:42:28","guid":{"rendered":"https:\/\/www.chinajumps.com\/product\/prefab-hdg-horse-barn-stalls-with-patented-lock-durable-fronts\/"},"modified":"2025-12-05T07:33:20","modified_gmt":"2025-12-05T07:33:20","slug":"prefab-hdg-horse-barn-stalls-with-patented-lock-durable-fronts","status":"publish","type":"product","link":"https:\/\/www.chinajumps.com\/fr\/produit\/prefab-hdg-horse-barn-stalls-with-patented-lock-durable-fronts\/","title":{"rendered":"Stalles de chevaux pr\u00e9fabriqu\u00e9es en HDG avec fermeture brevet\u00e9e Fa\u00e7ades durables"},"content":{"rendered":"<p><strong>Faites l'exp\u00e9rience d'une durabilit\u00e9 et d'une s\u00e9curit\u00e9 in\u00e9gal\u00e9es avec les portes de chevaux des s\u00e9ries coulissantes et \u00e0 charni\u00e8res de Reeds &amp; Cavaletti.<\/strong><\/p>\n<p>Con\u00e7ues pour des performances fiables dans des environnements exigeants, ces portes coulissantes associent des mat\u00e9riaux robustes et une ing\u00e9nierie de pr\u00e9cision pour garantir une fonctionnalit\u00e9 durable. Id\u00e9ales pour le logement des chevaux, elles offrent \u00e0 la fois robustesse et s\u00e9curit\u00e9 l\u00e0 o\u00f9 c'est le plus important.<\/p>\n<p><strong>Fabriqu\u00e9 \u00e0 partir de bois, de bambou, de WPC et de mat\u00e9riaux HDPE Cavaplast de premi\u00e8re qualit\u00e9 pour une r\u00e9silience sup\u00e9rieure.<\/strong><\/p>\n<p><strong>Cadre robuste avec tube de 50x50x2mm et profil\u00e9 en U renforc\u00e9 pour maintenir solidement les planches \u00e0 rainure et languette.<\/strong><\/p>\n<p><strong>Disponible en plusieurs longueurs : 2,5 m, 3 m, 3,6 m, 4 m pour s'adapter \u00e0 diff\u00e9rentes configurations d'\u00e9tables.<\/strong><\/p>\n<p><strong>Traitement de surface par rev\u00eatement en poudre et galvanisation \u00e0 chaud pour une meilleure r\u00e9sistance \u00e0 la corrosion.<\/strong><\/p>\n<p><strong>Il est assorti d'une garantie compl\u00e8te d'un an et de rapports de tests complets sur les machines afin de garantir la qualit\u00e9 et la s\u00e9curit\u00e9.<\/strong><\/p>","protected":false},"excerpt":{"rendered":"<p>Experience unmatched durability and safety with the Reeds &amp; Cavaletti Sliding and Hinged Series horse doors. Designed for reliable performance in demanding environments, these sliding doors combine robust materials and precision engineering to ensure long-lasting functionality. Ideal for horse housing, they deliver both strength and safety where it matters most. Constructed from premium wood, bamboo, [&hellip;]<\/p>","protected":false},"featured_media":4248,"template":"","meta":{"site-sidebar-layout":"default","site-content-layout":"","ast-site-content-layout":"default","site-content-style":"default","site-sidebar-style":"default","ast-global-header-display":"","ast-banner-title-visibility":"","ast-main-header-display":"","ast-hfb-above-header-display":"","ast-hfb-below-header-display":"","ast-hfb-mobile-header-display":"","site-post-title":"","ast-breadcrumbs-content":"","ast-featured-img":"","footer-sml-layout":"","theme-transparent-header-meta":"default","adv-header-id-meta":"","stick-header-meta":"","header-above-stick-meta":"","header-main-stick-meta":"","header-below-stick-meta":"","astra-migrate-meta-layouts":"set","ast-page-background-enabled":"default","ast-page-background-meta":{"desktop":{"background-color":"","background-image":"","background-repeat":"repeat","background-position":"center center","background-size":"auto","background-attachment":"scroll","background-type":"","background-media":"","overlay-type":"","overlay-color":"","overlay-opacity":"","overlay-gradient":""},"tablet":{"background-color":"","background-image":"","background-repeat":"repeat","background-position":"center center","background-size":"auto","background-attachment":"scroll","background-type":"","background-media":"","overlay-type":"","overlay-color":"","overlay-opacity":"","overlay-gradient":""},"mobile":{"background-color":"","background-image":"","background-repeat":"repeat","background-position":"center center","background-size":"auto","background-attachment":"scroll","background-type":"","background-media":"","overlay-type":"","overlay-color":"","overlay-opacity":"","overlay-gradient":""}},"ast-content-background-meta":{"desktop":{"background-color":"var(--ast-global-color-5)","background-image":"","background-repeat":"repeat","background-position":"center center","background-size":"auto","background-attachment":"scroll","background-type":"","background-media":"","overlay-type":"","overlay-color":"","overlay-opacity":"","overlay-gradient":""},"tablet":{"background-color":"var(--ast-global-color-5)","background-image":"","background-repeat":"repeat","background-position":"center center","background-size":"auto","background-attachment":"scroll","background-type":"","background-media":"","overlay-type":"","overlay-color":"","overlay-opacity":"","overlay-gradient":""},"mobile":{"background-color":"var(--ast-global-color-5)","background-image":"","background-repeat":"repeat","background-position":"center center","background-size":"auto","background-attachment":"scroll","background-type":"","background-media":"","overlay-type":"","overlay-color":"","overlay-opacity":"","overlay-gradient":""}}},"product_brand":[],"product_cat":[76],"product_tag":[],"class_list":{"0":"post-2472","1":"product","2":"type-product","3":"status-publish","4":"has-post-thumbnail","6":"product_cat-horse-stable","7":"desktop-align-center","8":"tablet-align-left","9":"mobile-align-left","11":"first","12":"instock","13":"shipping-taxable","14":"product-type-external"},"_links":{"self":[{"href":"https:\/\/www.chinajumps.com\/fr\/wp-json\/wp\/v2\/product\/2472","targetHints":{"allow":["GET"]}}],"collection":[{"href":"https:\/\/www.chinajumps.com\/fr\/wp-json\/wp\/v2\/product"}],"about":[{"href":"https:\/\/www.chinajumps.com\/fr\/wp-json\/wp\/v2\/types\/product"}],"wp:featuredmedia":[{"embeddable":true,"href":"https:\/\/www.chinajumps.com\/fr\/wp-json\/wp\/v2\/media\/4248"}],"wp:attachment":[{"href":"https:\/\/www.chinajumps.com\/fr\/wp-json\/wp\/v2\/media?parent=2472"}],"wp:term":[{"taxonomy":"product_brand","embeddable":true,"href":"https:\/\/www.chinajumps.com\/fr\/wp-json\/wp\/v2\/product_brand?post=2472"},{"taxonomy":"product_cat","embeddable":true,"href":"https:\/\/www.chinajumps.com\/fr\/wp-json\/wp\/v2\/product_cat?post=2472"},{"taxonomy":"product_tag","embeddable":true,"href":"https:\/\/www.chinajumps.com\/fr\/wp-json\/wp\/v2\/product_tag?post=2472"}],"curies":[{"name":"wp","href":"https:\/\/api.w.org\/{rel}","templated":true}]}}