{"id":2596,"date":"2025-07-09T16:14:40","date_gmt":"2025-07-09T16:14:40","guid":{"rendered":"https:\/\/www.chinajumps.com\/product\/reeds-exclusive-patented-mechanical-grader-and-leveller-for-horse-racing-and-sand-paving-for-racecourses\/"},"modified":"2025-07-09T19:29:02","modified_gmt":"2025-07-09T19:29:02","slug":"reeds-exclusive-patented-mechanical-grader-and-leveller-for-horse-racing-and-sand-paving-for-racecourses","status":"publish","type":"product","link":"https:\/\/www.chinajumps.com\/es\/producto\/reeds-exclusive-patented-mechanical-grader-and-leveller-for-horse-racing-and-sand-paving-for-racecourses\/","title":{"rendered":"Exclusiva niveladora mec\u00e1nica patentada de Reeds para carreras de caballos y pavimentaci\u00f3n de arena para hip\u00f3dromos"},"content":{"rendered":"<ul>\n<li><strong>Lugar de origen : <\/strong> Zhejiang, China<\/li>\n<li><strong>Marca : <\/strong> Ca\u00f1as y Cavaletti<\/li>\n<li><strong>N\u00famero de modelo : <\/strong> Alcance del pliegue 40-70<\/li>\n<li><strong>Color : <\/strong> rojo<\/li>\n<li><strong>M\u00e9todo de enlace : <\/strong> Elevador de 3 puntos o ATV<\/li>\n<li><strong>V\u00eddeo Salida-Inspecci\u00f3n : <\/strong> Proporcionado<\/li>\n<li><strong>Informe de ensayo de maquinaria : <\/strong> Proporcionado<\/li>\n<li><strong>Embalaje : <\/strong> Pal\u00e9<\/li>\n<li><strong>Componentes b\u00e1sicos : <\/strong> Motor, caja de cambios<\/li>\n<li><strong>Funci\u00f3n : <\/strong> Ascensor autom\u00e1tico o Manul<\/li>\n<\/ul>","protected":false},"excerpt":{"rendered":"<p>Place of Origin : Zhejiang, China Brand Name : Reeds &amp; Cavaletti Model Number : Fold extent 40-70 Color : red Linking Method : 3 point linkage or ATV Video Outgoing-Inspection : Provided Machinery Test Report : Provided Packing : Pallet Core Components : Engine, Gearbox, Motor, Gear Function : Automatic lift or Manul lift<\/p>","protected":false},"featured_media":2595,"template":"","meta":{"site-sidebar-layout":"default","site-content-layout":"","ast-site-content-layout":"","site-content-style":"default","site-sidebar-style":"default","ast-global-header-display":"","ast-banner-title-visibility":"","ast-main-header-display":"","ast-hfb-above-header-display":"","ast-hfb-below-header-display":"","ast-hfb-mobile-header-display":"","site-post-title":"","ast-breadcrumbs-content":"","ast-featured-img":"","footer-sml-layout":"","theme-transparent-header-meta":"","adv-header-id-meta":"","stick-header-meta":"","header-above-stick-meta":"","header-main-stick-meta":"","header-below-stick-meta":"","astra-migrate-meta-layouts":"default","ast-page-background-enabled":"default","ast-page-background-meta":{"desktop":{"background-color":"","background-image":"","background-repeat":"repeat","background-position":"center center","background-size":"auto","background-attachment":"scroll","background-type":"","background-media":"","overlay-type":"","overlay-color":"","overlay-opacity":"","overlay-gradient":""},"tablet":{"background-color":"","background-image":"","background-repeat":"repeat","background-position":"center center","background-size":"auto","background-attachment":"scroll","background-type":"","background-media":"","overlay-type":"","overlay-color":"","overlay-opacity":"","overlay-gradient":""},"mobile":{"background-color":"","background-image":"","background-repeat":"repeat","background-position":"center center","background-size":"auto","background-attachment":"scroll","background-type":"","background-media":"","overlay-type":"","overlay-color":"","overlay-opacity":"","overlay-gradient":""}},"ast-content-background-meta":{"desktop":{"background-color":"var(--ast-global-color-5)","background-image":"","background-repeat":"repeat","background-position":"center center","background-size":"auto","background-attachment":"scroll","background-type":"","background-media":"","overlay-type":"","overlay-color":"","overlay-opacity":"","overlay-gradient":""},"tablet":{"background-color":"var(--ast-global-color-5)","background-image":"","background-repeat":"repeat","background-position":"center center","background-size":"auto","background-attachment":"scroll","background-type":"","background-media":"","overlay-type":"","overlay-color":"","overlay-opacity":"","overlay-gradient":""},"mobile":{"background-color":"var(--ast-global-color-5)","background-image":"","background-repeat":"repeat","background-position":"center center","background-size":"auto","background-attachment":"scroll","background-type":"","background-media":"","overlay-type":"","overlay-color":"","overlay-opacity":"","overlay-gradient":""}}},"product_brand":[],"product_cat":[73],"product_tag":[],"class_list":{"0":"post-2596","1":"product","2":"type-product","3":"status-publish","4":"has-post-thumbnail","6":"product_cat-arena-leveler","7":"desktop-align-center","8":"tablet-align-left","9":"mobile-align-left","11":"first","12":"instock","13":"shipping-taxable","14":"product-type-external"},"_links":{"self":[{"href":"https:\/\/www.chinajumps.com\/es\/wp-json\/wp\/v2\/product\/2596","targetHints":{"allow":["GET"]}}],"collection":[{"href":"https:\/\/www.chinajumps.com\/es\/wp-json\/wp\/v2\/product"}],"about":[{"href":"https:\/\/www.chinajumps.com\/es\/wp-json\/wp\/v2\/types\/product"}],"wp:featuredmedia":[{"embeddable":true,"href":"https:\/\/www.chinajumps.com\/es\/wp-json\/wp\/v2\/media\/2595"}],"wp:attachment":[{"href":"https:\/\/www.chinajumps.com\/es\/wp-json\/wp\/v2\/media?parent=2596"}],"wp:term":[{"taxonomy":"product_brand","embeddable":true,"href":"https:\/\/www.chinajumps.com\/es\/wp-json\/wp\/v2\/product_brand?post=2596"},{"taxonomy":"product_cat","embeddable":true,"href":"https:\/\/www.chinajumps.com\/es\/wp-json\/wp\/v2\/product_cat?post=2596"},{"taxonomy":"product_tag","embeddable":true,"href":"https:\/\/www.chinajumps.com\/es\/wp-json\/wp\/v2\/product_tag?post=2596"}],"curies":[{"name":"wp","href":"https:\/\/api.w.org\/{rel}","templated":true}]}}