{"id":2592,"date":"2025-07-09T16:14:15","date_gmt":"2025-07-09T16:14:15","guid":{"rendered":"https:\/\/www.chinajumps.com\/product\/reeds-patented-arena-leveller-premium-german-engineered-sand-leveler-tool\/"},"modified":"2025-07-09T19:29:02","modified_gmt":"2025-07-09T19:29:02","slug":"reeds-patented-arena-leveller-premium-german-engineered-sand-leveler-tool","status":"publish","type":"product","link":"https:\/\/www.chinajumps.com\/es\/producto\/reeds-patented-arena-leveller-premium-german-engineered-sand-leveler-tool\/","title":{"rendered":"Reeds Patented Arena Leveller Herramienta niveladora de arena de ingenier\u00eda alemana de primera calidad"},"content":{"rendered":"<p><strong>Dise\u00f1ada para ofrecer una fiabilidad y precisi\u00f3n inigualables en cada elevaci\u00f3n.<\/strong><\/p>\n<p>Fabricada en Zhejiang, China, por Reeds &amp; Cavaletti, esta soluci\u00f3n de elevaci\u00f3n combina una construcci\u00f3n robusta con un rendimiento vers\u00e1til. Sus componentes principales -motor, caja de cambios, motor y engranaje- ofrecen un funcionamiento suave tanto en modo autom\u00e1tico como manual, adapt\u00e1ndose perfectamente a su flujo de trabajo.<\/p>\n<p>El distintivo acabado rojo complementa un rango de extensi\u00f3n de plegado de 40-70, lo que lo hace adecuado para una amplia gama de aplicaciones. Dise\u00f1ada con un seguro enganche de 3 puntos o un m\u00e9todo de enganche ATV, garantiza una fijaci\u00f3n estable y segura en todo momento.<\/p>\n<p><strong>Componentes b\u00e1sicos duraderos<\/strong> proporcionan un funcionamiento duradero y fiable.<\/p>\n<p><strong>Modos de elevaci\u00f3n flexibles<\/strong> le permiten cambiar entre control autom\u00e1tico y manual con facilidad.<\/p>\n<p><strong>Fijaci\u00f3n segura<\/strong> mediante enganche de 3 puntos o enganche ATV garantiza la estabilidad.<\/p>\n<p><strong>Controles de calidad exhaustivos<\/strong> incluyen una inspecci\u00f3n por v\u00eddeo y un informe detallado de las pruebas de la maquinaria.<\/p>\n<p><strong>Envasado seguro y eficaz<\/strong> en pal\u00e9s garantiza que su producto llegue en perfectas condiciones.<\/p>","protected":false},"excerpt":{"rendered":"<p>Engineered for unmatched reliability and precision in every lift. Crafted in Zhejiang, China by Reeds &amp; Cavaletti, this lifting solution combines robust construction with versatile performance. Its core components\u2014engine, gearbox, motor, and gear\u2014deliver smooth operation in both automatic and manual modes, adapting seamlessly to your workflow. The distinctive red finish complements a fold extent range [&hellip;]<\/p>","protected":false},"featured_media":2591,"template":"","meta":{"site-sidebar-layout":"default","site-content-layout":"","ast-site-content-layout":"","site-content-style":"default","site-sidebar-style":"default","ast-global-header-display":"","ast-banner-title-visibility":"","ast-main-header-display":"","ast-hfb-above-header-display":"","ast-hfb-below-header-display":"","ast-hfb-mobile-header-display":"","site-post-title":"","ast-breadcrumbs-content":"","ast-featured-img":"","footer-sml-layout":"","theme-transparent-header-meta":"","adv-header-id-meta":"","stick-header-meta":"","header-above-stick-meta":"","header-main-stick-meta":"","header-below-stick-meta":"","astra-migrate-meta-layouts":"default","ast-page-background-enabled":"default","ast-page-background-meta":{"desktop":{"background-color":"","background-image":"","background-repeat":"repeat","background-position":"center center","background-size":"auto","background-attachment":"scroll","background-type":"","background-media":"","overlay-type":"","overlay-color":"","overlay-opacity":"","overlay-gradient":""},"tablet":{"background-color":"","background-image":"","background-repeat":"repeat","background-position":"center center","background-size":"auto","background-attachment":"scroll","background-type":"","background-media":"","overlay-type":"","overlay-color":"","overlay-opacity":"","overlay-gradient":""},"mobile":{"background-color":"","background-image":"","background-repeat":"repeat","background-position":"center center","background-size":"auto","background-attachment":"scroll","background-type":"","background-media":"","overlay-type":"","overlay-color":"","overlay-opacity":"","overlay-gradient":""}},"ast-content-background-meta":{"desktop":{"background-color":"var(--ast-global-color-5)","background-image":"","background-repeat":"repeat","background-position":"center center","background-size":"auto","background-attachment":"scroll","background-type":"","background-media":"","overlay-type":"","overlay-color":"","overlay-opacity":"","overlay-gradient":""},"tablet":{"background-color":"var(--ast-global-color-5)","background-image":"","background-repeat":"repeat","background-position":"center center","background-size":"auto","background-attachment":"scroll","background-type":"","background-media":"","overlay-type":"","overlay-color":"","overlay-opacity":"","overlay-gradient":""},"mobile":{"background-color":"var(--ast-global-color-5)","background-image":"","background-repeat":"repeat","background-position":"center center","background-size":"auto","background-attachment":"scroll","background-type":"","background-media":"","overlay-type":"","overlay-color":"","overlay-opacity":"","overlay-gradient":""}}},"product_brand":[],"product_cat":[73],"product_tag":[],"class_list":{"0":"post-2592","1":"product","2":"type-product","3":"status-publish","4":"has-post-thumbnail","6":"product_cat-arena-leveler","7":"desktop-align-center","8":"tablet-align-left","9":"mobile-align-left","11":"first","12":"instock","13":"shipping-taxable","14":"product-type-external"},"_links":{"self":[{"href":"https:\/\/www.chinajumps.com\/es\/wp-json\/wp\/v2\/product\/2592","targetHints":{"allow":["GET"]}}],"collection":[{"href":"https:\/\/www.chinajumps.com\/es\/wp-json\/wp\/v2\/product"}],"about":[{"href":"https:\/\/www.chinajumps.com\/es\/wp-json\/wp\/v2\/types\/product"}],"wp:featuredmedia":[{"embeddable":true,"href":"https:\/\/www.chinajumps.com\/es\/wp-json\/wp\/v2\/media\/2591"}],"wp:attachment":[{"href":"https:\/\/www.chinajumps.com\/es\/wp-json\/wp\/v2\/media?parent=2592"}],"wp:term":[{"taxonomy":"product_brand","embeddable":true,"href":"https:\/\/www.chinajumps.com\/es\/wp-json\/wp\/v2\/product_brand?post=2592"},{"taxonomy":"product_cat","embeddable":true,"href":"https:\/\/www.chinajumps.com\/es\/wp-json\/wp\/v2\/product_cat?post=2592"},{"taxonomy":"product_tag","embeddable":true,"href":"https:\/\/www.chinajumps.com\/es\/wp-json\/wp\/v2\/product_tag?post=2592"}],"curies":[{"name":"wp","href":"https:\/\/api.w.org\/{rel}","templated":true}]}}