{"id":2564,"date":"2025-07-09T16:10:44","date_gmt":"2025-07-09T16:10:44","guid":{"rendered":"https:\/\/www.chinajumps.com\/product\/ce-certified-horse-walker-machine-with-bamboo-hdpe-fencing-and-italy-motor\/"},"modified":"2025-07-09T19:29:02","modified_gmt":"2025-07-09T19:29:02","slug":"ce-certified-horse-walker-machine-with-bamboo-hdpe-fencing-and-italy-motor","status":"publish","type":"product","link":"https:\/\/www.chinajumps.com\/es\/producto\/ce-certified-horse-walker-machine-with-bamboo-hdpe-fencing-and-italy-motor\/","title":{"rendered":"M\u00e1quina de paseo de caballos con certificaci\u00f3n CE, valla de HDPE de bamb\u00fa y motor italiano"},"content":{"rendered":"<p><strong>Dise\u00f1ados para ofrecer durabilidad y rendimiento, los productos para caballos de la serie HW ofrecen un funcionamiento fiable y opciones personalizables para satisfacer sus necesidades equinas.<\/strong><\/p>\n<p>Fabricado en acero HDG de alta calidad, este producto garantiza una resistencia y estabilidad duraderas. Dise\u00f1ado con la versatilidad en mente, ofrece m\u00faltiples opciones de color y configuraciones de techo opcionales para adaptarse a su entorno.<\/p>\n<p>Disponible con vallas de madera, bamb\u00fa o tablero de HDPE, la serie HW proporciona un recinto seguro y adaptable. El sistema funciona suavemente con un motor Motovario, que admite velocidades de hasta 15 km\/h con una fuente de alimentaci\u00f3n est\u00e1ndar de 220 V.<\/p>\n<p><strong>Caracter\u00edsticas principales:<\/strong><\/p>\n<p>Fabricado en acero HDG duradero para una mayor longevidad y resistencia.<\/p>\n<p>M\u00faltiples opciones de di\u00e1metro, desde 12 m hasta 20 m, para adaptarse a las distintas necesidades de espacio.<\/p>\n<p>Cobertura opcional de medio tejado o tejado completo para protegerse de las inclemencias del tiempo.<\/p>\n<p>Elecci\u00f3n de materiales de vallado, como tablas de madera, bamb\u00fa o HDPE, para una seguridad a medida.<\/p>\n<p>Accionado por un fiable motor Motovario que garantiza un control constante de la velocidad hasta 15 km\/h.<\/p>","protected":false},"excerpt":{"rendered":"<p>Engineered for durability and performance, the HW Series horse product delivers reliable operation and customizable options to meet your equine needs. Crafted from high-quality HDG steel, this product ensures long-lasting strength and stability. Designed with versatility in mind, it offers multiple color choices and optional roofing configurations to suit your environment. Available with wooden, bamboo, [&hellip;]<\/p>","protected":false},"featured_media":2563,"template":"","meta":{"site-sidebar-layout":"default","site-content-layout":"","ast-site-content-layout":"","site-content-style":"default","site-sidebar-style":"default","ast-global-header-display":"","ast-banner-title-visibility":"","ast-main-header-display":"","ast-hfb-above-header-display":"","ast-hfb-below-header-display":"","ast-hfb-mobile-header-display":"","site-post-title":"","ast-breadcrumbs-content":"","ast-featured-img":"","footer-sml-layout":"","theme-transparent-header-meta":"","adv-header-id-meta":"","stick-header-meta":"","header-above-stick-meta":"","header-main-stick-meta":"","header-below-stick-meta":"","astra-migrate-meta-layouts":"default","ast-page-background-enabled":"default","ast-page-background-meta":{"desktop":{"background-color":"","background-image":"","background-repeat":"repeat","background-position":"center center","background-size":"auto","background-attachment":"scroll","background-type":"","background-media":"","overlay-type":"","overlay-color":"","overlay-opacity":"","overlay-gradient":""},"tablet":{"background-color":"","background-image":"","background-repeat":"repeat","background-position":"center center","background-size":"auto","background-attachment":"scroll","background-type":"","background-media":"","overlay-type":"","overlay-color":"","overlay-opacity":"","overlay-gradient":""},"mobile":{"background-color":"","background-image":"","background-repeat":"repeat","background-position":"center center","background-size":"auto","background-attachment":"scroll","background-type":"","background-media":"","overlay-type":"","overlay-color":"","overlay-opacity":"","overlay-gradient":""}},"ast-content-background-meta":{"desktop":{"background-color":"var(--ast-global-color-5)","background-image":"","background-repeat":"repeat","background-position":"center center","background-size":"auto","background-attachment":"scroll","background-type":"","background-media":"","overlay-type":"","overlay-color":"","overlay-opacity":"","overlay-gradient":""},"tablet":{"background-color":"var(--ast-global-color-5)","background-image":"","background-repeat":"repeat","background-position":"center center","background-size":"auto","background-attachment":"scroll","background-type":"","background-media":"","overlay-type":"","overlay-color":"","overlay-opacity":"","overlay-gradient":""},"mobile":{"background-color":"var(--ast-global-color-5)","background-image":"","background-repeat":"repeat","background-position":"center center","background-size":"auto","background-attachment":"scroll","background-type":"","background-media":"","overlay-type":"","overlay-color":"","overlay-opacity":"","overlay-gradient":""}}},"product_brand":[],"product_cat":[75],"product_tag":[],"class_list":{"0":"post-2564","1":"product","2":"type-product","3":"status-publish","4":"has-post-thumbnail","6":"product_cat-horse-walker","7":"desktop-align-center","8":"tablet-align-left","9":"mobile-align-left","11":"first","12":"instock","13":"shipping-taxable","14":"product-type-external"},"_links":{"self":[{"href":"https:\/\/www.chinajumps.com\/es\/wp-json\/wp\/v2\/product\/2564","targetHints":{"allow":["GET"]}}],"collection":[{"href":"https:\/\/www.chinajumps.com\/es\/wp-json\/wp\/v2\/product"}],"about":[{"href":"https:\/\/www.chinajumps.com\/es\/wp-json\/wp\/v2\/types\/product"}],"wp:featuredmedia":[{"embeddable":true,"href":"https:\/\/www.chinajumps.com\/es\/wp-json\/wp\/v2\/media\/2563"}],"wp:attachment":[{"href":"https:\/\/www.chinajumps.com\/es\/wp-json\/wp\/v2\/media?parent=2564"}],"wp:term":[{"taxonomy":"product_brand","embeddable":true,"href":"https:\/\/www.chinajumps.com\/es\/wp-json\/wp\/v2\/product_brand?post=2564"},{"taxonomy":"product_cat","embeddable":true,"href":"https:\/\/www.chinajumps.com\/es\/wp-json\/wp\/v2\/product_cat?post=2564"},{"taxonomy":"product_tag","embeddable":true,"href":"https:\/\/www.chinajumps.com\/es\/wp-json\/wp\/v2\/product_tag?post=2564"}],"curies":[{"name":"wp","href":"https:\/\/api.w.org\/{rel}","templated":true}]}}