{"id":2543,"date":"2025-07-09T15:54:05","date_gmt":"2025-07-09T15:54:05","guid":{"rendered":"https:\/\/www.chinajumps.com\/product\/portable-outdoor-horse-stable-box-hdg-steel-frame-with-pvc-cover\/"},"modified":"2025-12-05T06:51:11","modified_gmt":"2025-12-05T06:51:11","slug":"portable-outdoor-horse-stable-box","status":"publish","type":"product","link":"https:\/\/www.chinajumps.com\/es\/producto\/portable-outdoor-horse-stable-box\/","title":{"rendered":"Caballeriza de exterior port\u00e1til Estructura de acero HDG con cubierta de PVC"},"content":{"rendered":"<p><strong>Reeds &amp; Cavaletti Serie corredera y abatible: Caballerizas port\u00e1tiles y duraderas dise\u00f1adas para ofrecer seguridad y longevidad.<\/strong><\/p>\n<p>Dise\u00f1ados con precisi\u00f3n y fabricados con materiales de alta calidad, estos establos para caballos ofrecen una estabilidad y protecci\u00f3n inigualables para sus animales. Con robustos tubos de PVC y armaz\u00f3n, cada unidad resiste un uso riguroso a la vez que mantiene un aspecto elegante y profesional.<\/p>\n<p>Construidos con marcos de acero con recubrimiento de polvo o galvanizados en caliente y fuertes canales en U para sujetar firmemente las tablas machihembradas, estos establos combinan resistencia con portabilidad. Disponibles en varias longitudes y alturas, se adaptan perfectamente al entorno espec\u00edfico de su granja o comercio.<\/p>\n<p><strong>Caracter\u00edsticas principales:<\/strong><br \/>\n- Fabricados con materiales duraderos de PVC, madera, bamb\u00fa, polietileno de alta densidad o tableros de WPC para opciones de superficie vers\u00e1tiles.<br \/>\n- Las opciones de tejado incluyen paneles s\u00e1ndwich aislados, tejas de resina o paneles de pared de chapa para mejorar la resistencia a la intemperie.<br \/>\n- Su dise\u00f1o port\u00e1til y estable facilita la reubicaci\u00f3n sin comprometer la integridad estructural.<br \/>\n- La garant\u00eda completa de 1 a\u00f1o para los componentes principales garantiza un rendimiento fiable.<br \/>\n- Probado y certificado con un informe de prueba de maquinaria e inspecci\u00f3n por v\u00eddeo para garantizar la calidad y la seguridad.<\/p>","protected":false},"excerpt":{"rendered":"<p>Reeds &amp; Cavaletti Sliding and Hinged Series: Durable, Portable Horse Stables Engineered for Safety and Longevity. Designed with precision and built from high-quality materials, these horse stables deliver unmatched stability and protection for your animals. Featuring robust PVC and frame tubes, each unit withstands rigorous use while maintaining a sleek, professional appearance. Constructed with powder-coated [&hellip;]<\/p>","protected":false},"featured_media":4229,"template":"","meta":{"site-sidebar-layout":"default","site-content-layout":"","ast-site-content-layout":"default","site-content-style":"default","site-sidebar-style":"default","ast-global-header-display":"","ast-banner-title-visibility":"","ast-main-header-display":"","ast-hfb-above-header-display":"","ast-hfb-below-header-display":"","ast-hfb-mobile-header-display":"","site-post-title":"","ast-breadcrumbs-content":"","ast-featured-img":"","footer-sml-layout":"","theme-transparent-header-meta":"default","adv-header-id-meta":"","stick-header-meta":"","header-above-stick-meta":"","header-main-stick-meta":"","header-below-stick-meta":"","astra-migrate-meta-layouts":"set","ast-page-background-enabled":"default","ast-page-background-meta":{"desktop":{"background-color":"","background-image":"","background-repeat":"repeat","background-position":"center center","background-size":"auto","background-attachment":"scroll","background-type":"","background-media":"","overlay-type":"","overlay-color":"","overlay-opacity":"","overlay-gradient":""},"tablet":{"background-color":"","background-image":"","background-repeat":"repeat","background-position":"center center","background-size":"auto","background-attachment":"scroll","background-type":"","background-media":"","overlay-type":"","overlay-color":"","overlay-opacity":"","overlay-gradient":""},"mobile":{"background-color":"","background-image":"","background-repeat":"repeat","background-position":"center center","background-size":"auto","background-attachment":"scroll","background-type":"","background-media":"","overlay-type":"","overlay-color":"","overlay-opacity":"","overlay-gradient":""}},"ast-content-background-meta":{"desktop":{"background-color":"var(--ast-global-color-5)","background-image":"","background-repeat":"repeat","background-position":"center center","background-size":"auto","background-attachment":"scroll","background-type":"","background-media":"","overlay-type":"","overlay-color":"","overlay-opacity":"","overlay-gradient":""},"tablet":{"background-color":"var(--ast-global-color-5)","background-image":"","background-repeat":"repeat","background-position":"center center","background-size":"auto","background-attachment":"scroll","background-type":"","background-media":"","overlay-type":"","overlay-color":"","overlay-opacity":"","overlay-gradient":""},"mobile":{"background-color":"var(--ast-global-color-5)","background-image":"","background-repeat":"repeat","background-position":"center center","background-size":"auto","background-attachment":"scroll","background-type":"","background-media":"","overlay-type":"","overlay-color":"","overlay-opacity":"","overlay-gradient":""}}},"product_brand":[],"product_cat":[76],"product_tag":[],"class_list":{"0":"post-2543","1":"product","2":"type-product","3":"status-publish","4":"has-post-thumbnail","6":"product_cat-horse-stable","7":"desktop-align-center","8":"tablet-align-left","9":"mobile-align-left","11":"first","12":"instock","13":"shipping-taxable","14":"product-type-external"},"_links":{"self":[{"href":"https:\/\/www.chinajumps.com\/es\/wp-json\/wp\/v2\/product\/2543","targetHints":{"allow":["GET"]}}],"collection":[{"href":"https:\/\/www.chinajumps.com\/es\/wp-json\/wp\/v2\/product"}],"about":[{"href":"https:\/\/www.chinajumps.com\/es\/wp-json\/wp\/v2\/types\/product"}],"wp:featuredmedia":[{"embeddable":true,"href":"https:\/\/www.chinajumps.com\/es\/wp-json\/wp\/v2\/media\/4229"}],"wp:attachment":[{"href":"https:\/\/www.chinajumps.com\/es\/wp-json\/wp\/v2\/media?parent=2543"}],"wp:term":[{"taxonomy":"product_brand","embeddable":true,"href":"https:\/\/www.chinajumps.com\/es\/wp-json\/wp\/v2\/product_brand?post=2543"},{"taxonomy":"product_cat","embeddable":true,"href":"https:\/\/www.chinajumps.com\/es\/wp-json\/wp\/v2\/product_cat?post=2543"},{"taxonomy":"product_tag","embeddable":true,"href":"https:\/\/www.chinajumps.com\/es\/wp-json\/wp\/v2\/product_tag?post=2543"}],"curies":[{"name":"wp","href":"https:\/\/api.w.org\/{rel}","templated":true}]}}