{"id":2457,"date":"2025-07-08T15:35:17","date_gmt":"2025-07-08T15:35:17","guid":{"rendered":"https:\/\/www.chinajumps.com\/product\/portable-custom-european-standard-horse-stalls-and-temporary-shelters\/"},"modified":"2025-07-09T19:29:03","modified_gmt":"2025-07-09T19:29:03","slug":"portable-custom-european-standard-horse-stalls-and-temporary-shelters","status":"publish","type":"product","link":"https:\/\/www.chinajumps.com\/es\/producto\/portable-custom-european-standard-horse-stalls-and-temporary-shelters\/","title":{"rendered":"Boxes y refugios temporales port\u00e1tiles a medida para caballos de est\u00e1ndar europeo"},"content":{"rendered":"<p><strong>Reeds &amp; Cavaletti Customized Stable ofrece una durabilidad y seguridad inigualables para un alojamiento superior del caballo.<\/strong><\/p>\n<p>Dise\u00f1ado con materiales de primera calidad y una construcci\u00f3n de precisi\u00f3n, este establo de puerta corredera ofrece un entorno seguro y duradero adaptado a granjas profesionales y establecimientos minoristas. Su robusto dise\u00f1o garantiza una protecci\u00f3n fiable y facilidad de uso en condiciones exigentes.<\/p>\n<p>Fabricado con una mezcla de alta calidad de madera, bamb\u00fa, WPC y Govaplast HDPE, el establo incorpora un robusto tubo de armaz\u00f3n de 50x50x2 mm y un canal en U reforzado para soportar las tablas machihembradas. La superficie con recubrimiento en polvo o galvanizada en caliente mejora la resistencia a la corrosi\u00f3n para prolongar su vida \u00fatil.<\/p>\n<p><strong>Los materiales fuertes y duraderos proporcionan una resistencia excepcional al desgaste y a los factores ambientales.<\/strong><\/p>\n<p><strong>El sistema de puertas correderas maximiza la eficiencia del espacio y simplifica el acceso y la gesti\u00f3n de los caballos.<\/strong><\/p>\n<p><strong>Disponible en m\u00faltiples longitudes de 2,5 m a 4 m y una altura de 2,2 m para adaptarse a diversas configuraciones de establos.<\/strong><\/p>\n<p><strong>Incluye una garant\u00eda de 1 a\u00f1o para los componentes principales, respaldada por exhaustivos informes de pruebas de maquinaria e inspecciones en v\u00eddeo.<\/strong><\/p>\n<p><strong>El embalaje seguro con pl\u00e1stico de burbujas y pal\u00e9s garantiza una entrega segura en todo el mundo, incluidos Estados Unidos, Alemania, Australia, Italia y Jap\u00f3n.<\/strong><\/p>","protected":false},"excerpt":{"rendered":"<p>Reeds &amp; Cavaletti Customized Stable delivers unmatched durability and safety for superior horse housing. Engineered with premium materials and precision construction, this sliding door stable offers a secure and long-lasting environment tailored for professional farms and retail settings. Its robust design ensures reliable protection and ease of use in demanding conditions. Crafted from a high-quality [&hellip;]<\/p>","protected":false},"featured_media":2456,"template":"","meta":{"site-sidebar-layout":"default","site-content-layout":"","ast-site-content-layout":"default","site-content-style":"default","site-sidebar-style":"default","ast-global-header-display":"","ast-banner-title-visibility":"","ast-main-header-display":"","ast-hfb-above-header-display":"","ast-hfb-below-header-display":"","ast-hfb-mobile-header-display":"","site-post-title":"","ast-breadcrumbs-content":"","ast-featured-img":"","footer-sml-layout":"","theme-transparent-header-meta":"default","adv-header-id-meta":"","stick-header-meta":"","header-above-stick-meta":"","header-main-stick-meta":"","header-below-stick-meta":"","astra-migrate-meta-layouts":"set","ast-page-background-enabled":"default","ast-page-background-meta":{"desktop":{"background-color":"","background-image":"","background-repeat":"repeat","background-position":"center center","background-size":"auto","background-attachment":"scroll","background-type":"","background-media":"","overlay-type":"","overlay-color":"","overlay-opacity":"","overlay-gradient":""},"tablet":{"background-color":"","background-image":"","background-repeat":"repeat","background-position":"center center","background-size":"auto","background-attachment":"scroll","background-type":"","background-media":"","overlay-type":"","overlay-color":"","overlay-opacity":"","overlay-gradient":""},"mobile":{"background-color":"","background-image":"","background-repeat":"repeat","background-position":"center center","background-size":"auto","background-attachment":"scroll","background-type":"","background-media":"","overlay-type":"","overlay-color":"","overlay-opacity":"","overlay-gradient":""}},"ast-content-background-meta":{"desktop":{"background-color":"var(--ast-global-color-5)","background-image":"","background-repeat":"repeat","background-position":"center center","background-size":"auto","background-attachment":"scroll","background-type":"","background-media":"","overlay-type":"","overlay-color":"","overlay-opacity":"","overlay-gradient":""},"tablet":{"background-color":"var(--ast-global-color-5)","background-image":"","background-repeat":"repeat","background-position":"center center","background-size":"auto","background-attachment":"scroll","background-type":"","background-media":"","overlay-type":"","overlay-color":"","overlay-opacity":"","overlay-gradient":""},"mobile":{"background-color":"var(--ast-global-color-5)","background-image":"","background-repeat":"repeat","background-position":"center center","background-size":"auto","background-attachment":"scroll","background-type":"","background-media":"","overlay-type":"","overlay-color":"","overlay-opacity":"","overlay-gradient":""}}},"product_brand":[],"product_cat":[76],"product_tag":[],"class_list":{"0":"post-2457","1":"product","2":"type-product","3":"status-publish","4":"has-post-thumbnail","6":"product_cat-horse-stable","7":"desktop-align-center","8":"tablet-align-left","9":"mobile-align-left","11":"first","12":"instock","13":"shipping-taxable","14":"product-type-external"},"_links":{"self":[{"href":"https:\/\/www.chinajumps.com\/es\/wp-json\/wp\/v2\/product\/2457","targetHints":{"allow":["GET"]}}],"collection":[{"href":"https:\/\/www.chinajumps.com\/es\/wp-json\/wp\/v2\/product"}],"about":[{"href":"https:\/\/www.chinajumps.com\/es\/wp-json\/wp\/v2\/types\/product"}],"wp:featuredmedia":[{"embeddable":true,"href":"https:\/\/www.chinajumps.com\/es\/wp-json\/wp\/v2\/media\/2456"}],"wp:attachment":[{"href":"https:\/\/www.chinajumps.com\/es\/wp-json\/wp\/v2\/media?parent=2457"}],"wp:term":[{"taxonomy":"product_brand","embeddable":true,"href":"https:\/\/www.chinajumps.com\/es\/wp-json\/wp\/v2\/product_brand?post=2457"},{"taxonomy":"product_cat","embeddable":true,"href":"https:\/\/www.chinajumps.com\/es\/wp-json\/wp\/v2\/product_cat?post=2457"},{"taxonomy":"product_tag","embeddable":true,"href":"https:\/\/www.chinajumps.com\/es\/wp-json\/wp\/v2\/product_tag?post=2457"}],"curies":[{"name":"wp","href":"https:\/\/api.w.org\/{rel}","templated":true}]}}