{"id":3,"date":"2025-02-15T08:49:48","date_gmt":"2025-02-15T08:49:48","guid":{"rendered":"https:\/\/ceshi2.afancle.com\/?page_id=3"},"modified":"2025-02-16T10:00:59","modified_gmt":"2025-02-16T10:00:59","slug":"privacy-policy","status":"publish","type":"page","link":"https:\/\/www.chinajumps.com\/es\/privacy-policy\/","title":{"rendered":"Pol\u00edtica de privacidad"},"content":{"rendered":"<p>En <strong>Ningbo Ruizi Mechanical Manufacturing Co.<\/strong>respetamos su privacidad y nos comprometemos a proteger su informaci\u00f3n personal. Esta Pol\u00edtica de privacidad explica c\u00f3mo recopilamos, utilizamos y divulgamos su informaci\u00f3n cuando visita nuestro sitio web y utiliza nuestros servicios.<\/p>\n\n\n\n<p><strong>1. Informaci\u00f3n que recopilamos<\/strong> Recopilamos informaci\u00f3n cuando usted:<\/p>\n\n\n\n<ul class=\"wp-block-list\">\n<li>Registrar una cuenta<\/li>\n\n\n\n<li>Realizar consultas o solicitudes a trav\u00e9s de nuestro sitio web<\/li>\n\n\n\n<li>Comprar productos o servicios<\/li>\n\n\n\n<li>Suscr\u00edbase a nuestros boletines u ofertas promocionales<\/li>\n<\/ul>\n\n\n\n<p>La informaci\u00f3n que podemos recopilar incluye:<\/p>\n\n\n\n<ul class=\"wp-block-list\">\n<li><strong>Informaci\u00f3n personal:<\/strong> Nombre, direcci\u00f3n de correo electr\u00f3nico, n\u00famero de tel\u00e9fono, direcciones de env\u00edo y facturaci\u00f3n, datos de pago<\/li>\n\n\n\n<li><strong>Informaci\u00f3n no personal:<\/strong> Tipo de navegador, direcci\u00f3n IP, tipo de dispositivo y comportamiento de navegaci\u00f3n<\/li>\n<\/ul>\n\n\n\n<p><strong>2. C\u00f3mo utilizamos su informaci\u00f3n<\/strong> Utilizamos la informaci\u00f3n que recopilamos para los siguientes fines:<\/p>\n\n\n\n<ul class=\"wp-block-list\">\n<li>Para proporcionar, mejorar y personalizar nuestros servicios<\/li>\n\n\n\n<li>Para procesar transacciones y enviar confirmaciones de pedido o recibos<\/li>\n\n\n\n<li>Para comunicarnos con usted, incluido el env\u00edo de correos electr\u00f3nicos promocionales o boletines informativos<\/li>\n\n\n\n<li>Cumplir las obligaciones legales y resolver litigios<\/li>\n<\/ul>\n\n\n\n<p><strong>3. Cookies y tecnolog\u00edas de seguimiento<\/strong> Nuestro sitio web utiliza cookies y tecnolog\u00edas de seguimiento similares para mejorar su experiencia de usuario. Las cookies nos ayudan a recordar sus preferencias, analizar el tr\u00e1fico del sitio web y personalizar el contenido. Puede desactivar las cookies en la configuraci\u00f3n de su navegador, pero hacerlo puede limitar algunas funciones del sitio web.<\/p>\n\n\n\n<p><strong>4. Compartir su informaci\u00f3n<\/strong> Podemos compartir su informaci\u00f3n con terceros en las siguientes circunstancias:<\/p>\n\n\n\n<ul class=\"wp-block-list\">\n<li><strong>Proveedores de servicios:<\/strong> Podemos compartir su informaci\u00f3n con proveedores externos de confianza que nos ayudan a operar nuestro sitio web, procesar pagos o entregar productos.<\/li>\n\n\n\n<li><strong>Cumplimiento legal:<\/strong> Podemos revelar su informaci\u00f3n si as\u00ed lo exige la ley o en respuesta a solicitudes legales v\u00e1lidas, como una orden judicial o una investigaci\u00f3n gubernamental.<\/li>\n<\/ul>\n\n\n\n<p><strong>5. 5. Seguridad de los datos<\/strong> Utilizamos medidas de seguridad razonables para proteger la informaci\u00f3n que nos proporciona. Sin embargo, ning\u00fan m\u00e9todo de transmisi\u00f3n por Internet o de almacenamiento electr\u00f3nico es 100% seguro, y no podemos garantizar la seguridad absoluta de sus datos.<\/p>\n\n\n\n<p><strong>6. Sus derechos y opciones<\/strong> Tienes derecho a:<\/p>\n\n\n\n<ul class=\"wp-block-list\">\n<li><strong>Acceder a su informaci\u00f3n y corregirla:<\/strong> Puede actualizar o corregir su informaci\u00f3n personal accediendo a su cuenta o poni\u00e9ndose en contacto con nosotros.<\/li>\n\n\n\n<li><strong>Exclusi\u00f3n voluntaria de comunicaciones:<\/strong> Puede darse de baja de los correos electr\u00f3nicos de marketing en cualquier momento siguiendo las instrucciones del correo electr\u00f3nico o poni\u00e9ndose en contacto con nosotros directamente.<\/li>\n\n\n\n<li><strong>Solicitar la eliminaci\u00f3n de sus datos:<\/strong> Puede solicitarnos que suprimamos sus datos personales, en virtud de obligaciones legales o intereses comerciales leg\u00edtimos.<\/li>\n<\/ul>\n\n\n\n<p><strong>7. Enlaces de terceros<\/strong> Nuestro sitio web puede contener enlaces a sitios web de terceros. No somos responsables de las pr\u00e1cticas de privacidad ni del contenido de estos sitios externos. Le recomendamos que revise sus pol\u00edticas de privacidad antes de proporcionar cualquier informaci\u00f3n personal.<\/p>\n\n\n\n<p><strong>8. Privacidad infantil<\/strong> Nuestros Servicios no est\u00e1n destinados a ni\u00f1os menores de 13 a\u00f1os. No recopilamos conscientemente informaci\u00f3n personal de ni\u00f1os. Si nos damos cuenta de que hemos recopilado inadvertidamente datos personales de un ni\u00f1o menor de 13 a\u00f1os, tomaremos medidas para eliminar la informaci\u00f3n.<\/p>\n\n\n\n<p><strong>9. Cambios en esta pol\u00edtica de privacidad<\/strong> Nos reservamos el derecho a actualizar o modificar esta Pol\u00edtica de Privacidad en cualquier momento. Cualquier cambio se publicar\u00e1 en esta p\u00e1gina, y la versi\u00f3n actualizada entrar\u00e1 en vigor inmediatamente despu\u00e9s de su publicaci\u00f3n. Le recomendamos que revise peri\u00f3dicamente esta Pol\u00edtica de Privacidad para conocer las actualizaciones.<\/p>\n\n\n\n<p><strong>10. Informaci\u00f3n de contacto<\/strong> Si tiene alguna pregunta o duda sobre esta Pol\u00edtica de privacidad, p\u00f3ngase en contacto con nosotros en:<\/p>\n\n\n\n<p><strong>Ningbo Ruizi Mechanical Manufacturing Co.<\/strong><br>Correo electr\u00f3nico: [Insertar direcci\u00f3n de correo electr\u00f3nico]<br>Tel\u00e9fono: [Insertar n\u00famero de tel\u00e9fono]<\/p>","protected":false},"excerpt":{"rendered":"<p>At Ningbo Ruizi Mechanical Manufacturing Co., Ltd., we respect your privacy and are committed to protecting your personal information. This Privacy Policy explains how we collect, use, and disclose your information when you visit our website and use our services. 1. Information We Collect We collect information when you: The information we may collect includes: [&hellip;]<\/p>","protected":false},"author":1,"featured_media":0,"parent":0,"menu_order":0,"comment_status":"closed","ping_status":"closed","template":"","meta":{"site-sidebar-layout":"default","site-content-layout":"","ast-site-content-layout":"default","site-content-style":"default","site-sidebar-style":"default","ast-global-header-display":"","ast-banner-title-visibility":"","ast-main-header-display":"","ast-hfb-above-header-display":"","ast-hfb-below-header-display":"","ast-hfb-mobile-header-display":"","site-post-title":"","ast-breadcrumbs-content":"","ast-featured-img":"","footer-sml-layout":"","theme-transparent-header-meta":"","adv-header-id-meta":"","stick-header-meta":"","header-above-stick-meta":"","header-main-stick-meta":"","header-below-stick-meta":"","astra-migrate-meta-layouts":"set","ast-page-background-enabled":"default","ast-page-background-meta":{"desktop":{"background-color":"","background-image":"","background-repeat":"repeat","background-position":"center center","background-size":"auto","background-attachment":"scroll","background-type":"","background-media":"","overlay-type":"","overlay-color":"","overlay-opacity":"","overlay-gradient":""},"tablet":{"background-color":"","background-image":"","background-repeat":"repeat","background-position":"center center","background-size":"auto","background-attachment":"scroll","background-type":"","background-media":"","overlay-type":"","overlay-color":"","overlay-opacity":"","overlay-gradient":""},"mobile":{"background-color":"","background-image":"","background-repeat":"repeat","background-position":"center center","background-size":"auto","background-attachment":"scroll","background-type":"","background-media":"","overlay-type":"","overlay-color":"","overlay-opacity":"","overlay-gradient":""}},"ast-content-background-meta":{"desktop":{"background-color":"var(--ast-global-color-5)","background-image":"","background-repeat":"repeat","background-position":"center center","background-size":"auto","background-attachment":"scroll","background-type":"","background-media":"","overlay-type":"","overlay-color":"","overlay-opacity":"","overlay-gradient":""},"tablet":{"background-color":"var(--ast-global-color-5)","background-image":"","background-repeat":"repeat","background-position":"center center","background-size":"auto","background-attachment":"scroll","background-type":"","background-media":"","overlay-type":"","overlay-color":"","overlay-opacity":"","overlay-gradient":""},"mobile":{"background-color":"var(--ast-global-color-5)","background-image":"","background-repeat":"repeat","background-position":"center center","background-size":"auto","background-attachment":"scroll","background-type":"","background-media":"","overlay-type":"","overlay-color":"","overlay-opacity":"","overlay-gradient":""}},"two_page_speed":[],"footnotes":""},"class_list":["post-3","page","type-page","status-publish","hentry"],"_links":{"self":[{"href":"https:\/\/www.chinajumps.com\/es\/wp-json\/wp\/v2\/pages\/3","targetHints":{"allow":["GET"]}}],"collection":[{"href":"https:\/\/www.chinajumps.com\/es\/wp-json\/wp\/v2\/pages"}],"about":[{"href":"https:\/\/www.chinajumps.com\/es\/wp-json\/wp\/v2\/types\/page"}],"author":[{"embeddable":true,"href":"https:\/\/www.chinajumps.com\/es\/wp-json\/wp\/v2\/users\/1"}],"replies":[{"embeddable":true,"href":"https:\/\/www.chinajumps.com\/es\/wp-json\/wp\/v2\/comments?post=3"}],"version-history":[{"count":4,"href":"https:\/\/www.chinajumps.com\/es\/wp-json\/wp\/v2\/pages\/3\/revisions"}],"predecessor-version":[{"id":2292,"href":"https:\/\/www.chinajumps.com\/es\/wp-json\/wp\/v2\/pages\/3\/revisions\/2292"}],"wp:attachment":[{"href":"https:\/\/www.chinajumps.com\/es\/wp-json\/wp\/v2\/media?parent=3"}],"curies":[{"name":"wp","href":"https:\/\/api.w.org\/{rel}","templated":true}]}}